{"id":95,"date":"2023-01-13T09:50:21","date_gmt":"2023-01-13T09:50:21","guid":{"rendered":"https:\/\/test.sbeckett.fr\/?page_id=95"},"modified":"2025-01-07T20:34:54","modified_gmt":"2025-01-07T19:34:54","slug":"orientation-lycee","status":"publish","type":"page","link":"https:\/\/test.sbeckett.fr\/?page_id=95","title":{"rendered":"\u00c9tudier \u00e0 Samuel Beckett"},"content":{"rendered":"\n<div id=\"explore\" class=\"wp-block-group has-global-padding is-layout-constrained wp-block-group-is-layout-constrained\">\n<div class=\"wp-block-columns is-layout-flex wp-container-core-columns-is-layout-28f84493 wp-block-columns-is-layout-flex\">\n<div class=\"wp-block-column is-layout-flow wp-block-column-is-layout-flow\" style=\"flex-basis:100%\">\n<div class=\"wp-block-group has-global-padding is-layout-constrained wp-block-group-is-layout-constrained\">\n<h1 class=\"wp-block-heading has-text-align-left has-primary-color has-text-color has-max-48-font-size\" style=\"font-style:normal;font-weight:700\"><strong>La seconde \u00e0 Samuel Beckett<\/strong><\/h1>\n\n\n\n<p class=\"has-tertiary-color has-text-color\">Vous trouverez ici une pr\u00e9sentation de la seconde et des diff\u00e9rentes fili\u00e8res de l&rsquo;\u00e9tablissement.<\/p>\n<\/div>\n\n\n\n<div class=\"wp-block-media-text alignwide is-stacked-on-mobile\"><figure class=\"wp-block-media-text__media\"><img loading=\"lazy\" decoding=\"async\" width=\"1024\" height=\"576\" src=\"https:\/\/test.sbeckett.fr\/wp-content\/uploads\/2023\/01\/XWMQ7QLS5A5HQPURDW7MGQYS4U-1024x576.jpg\" alt=\"\" class=\"wp-image-81 size-full\" srcset=\"https:\/\/test.sbeckett.fr\/wp-content\/uploads\/2023\/01\/XWMQ7QLS5A5HQPURDW7MGQYS4U-1024x576.jpg 1024w, https:\/\/test.sbeckett.fr\/wp-content\/uploads\/2023\/01\/XWMQ7QLS5A5HQPURDW7MGQYS4U-300x169.jpg 300w, https:\/\/test.sbeckett.fr\/wp-content\/uploads\/2023\/01\/XWMQ7QLS5A5HQPURDW7MGQYS4U-768x432.jpg 768w, https:\/\/test.sbeckett.fr\/wp-content\/uploads\/2023\/01\/XWMQ7QLS5A5HQPURDW7MGQYS4U.jpg 1200w\" sizes=\"auto, (max-width: 1024px) 100vw, 1024px\" \/><\/figure><div class=\"wp-block-media-text__content\">\n<h2 class=\"wp-block-heading\">Pr\u00e9sentation g\u00e9n\u00e9rale de la 2GT<\/h2>\n\n\n\n<p>La Seconde G\u00e9n\u00e9rale et Technologique (2GT) est une ann\u00e9e charni\u00e8re qui marque l\u2019entr\u00e9e au lyc\u00e9e et pr\u00e9pare les \u00e9l\u00e8ves aux voies g\u00e9n\u00e9rale et technologique. Elle propose un socle commun d\u2019enseignements afin de consolider les acquis du coll\u00e8ge tout en d\u00e9couvrant de nouvelles mati\u00e8res et approches p\u00e9dagogiques.<\/p>\n\n\n\n<p>Cette ann\u00e9e permet aux \u00e9l\u00e8ves de d\u00e9velopper leurs connaissances, leur m\u00e9thode de travail et leur autonomie, indispensables pour r\u00e9ussir dans l&rsquo;enseignement secondaire.<\/p>\n\n\n\n<p>L\u2019objectif principal de la 2GT est d\u2019accompagner les \u00e9l\u00e8ves dans la construction de leur projet d\u2019orientation en les aidant \u00e0 d\u00e9couvrir leurs centres d\u2019int\u00e9r\u00eat, leurs points forts et les d\u00e9bouch\u00e9s des diff\u00e9rentes fili\u00e8res.<\/p>\n<\/div><\/div>\n\n\n\n<div class=\"wp-block-media-text alignwide has-media-on-the-right is-stacked-on-mobile\"><div class=\"wp-block-media-text__content\">\n<h2 class=\"wp-block-heading\">Les enseignements optionnels au lyc\u00e9e Samuel Beckett<\/h2>\n\n\n\n<h3 class=\"wp-block-heading\"><strong>Arts plastiques<\/strong><\/h3>\n\n\n\n<p>Cette option permet aux \u00e9l\u00e8ves de d\u00e9velopper leur cr\u00e9ativit\u00e9 et leur sensibilit\u00e9 artistique tout en approfondissant leur culture des arts visuels. Ils travaillent sur des projets vari\u00e9s, m\u00ealant techniques traditionnelles et num\u00e9riques, tout en acqu\u00e9rant des comp\u00e9tences d\u2019analyse et de r\u00e9flexion critique.<\/p>\n\n\n\n<p>Les cours d\u2019arts plastiques favorisent l\u2019expression personnelle et le d\u00e9veloppement d\u2019une d\u00e9marche artistique, tout en offrant des bases solides pour les \u00e9l\u00e8ves souhaitant s\u2019orienter vers des \u00e9tudes ou des m\u00e9tiers li\u00e9s aux arts.<\/p>\n<\/div><figure class=\"wp-block-media-text__media\"><img loading=\"lazy\" decoding=\"async\" width=\"1024\" height=\"578\" src=\"https:\/\/test.sbeckett.fr\/wp-content\/uploads\/2023\/01\/7-fevrier-2018-6-1024x578.jpg\" alt=\"\" class=\"wp-image-118 size-full\" srcset=\"https:\/\/test.sbeckett.fr\/wp-content\/uploads\/2023\/01\/7-fevrier-2018-6-1024x578.jpg 1024w, https:\/\/test.sbeckett.fr\/wp-content\/uploads\/2023\/01\/7-fevrier-2018-6-300x169.jpg 300w, https:\/\/test.sbeckett.fr\/wp-content\/uploads\/2023\/01\/7-fevrier-2018-6-768x434.jpg 768w, https:\/\/test.sbeckett.fr\/wp-content\/uploads\/2023\/01\/7-fevrier-2018-6-1536x867.jpg 1536w, https:\/\/test.sbeckett.fr\/wp-content\/uploads\/2023\/01\/7-fevrier-2018-6-2048x1156.jpg 2048w\" sizes=\"auto, (max-width: 1024px) 100vw, 1024px\" \/><\/figure><\/div>\n\n\n\n<div class=\"wp-block-media-text alignwide is-stacked-on-mobile\" style=\"grid-template-columns:39% auto\"><figure class=\"wp-block-media-text__media\"><img loading=\"lazy\" decoding=\"async\" width=\"1024\" height=\"578\" src=\"https:\/\/test.sbeckett.fr\/wp-content\/uploads\/2023\/01\/7-fevrier-2018-2-1024x578.jpg\" alt=\"\" class=\"wp-image-117 size-full\" srcset=\"https:\/\/test.sbeckett.fr\/wp-content\/uploads\/2023\/01\/7-fevrier-2018-2-1024x578.jpg 1024w, https:\/\/test.sbeckett.fr\/wp-content\/uploads\/2023\/01\/7-fevrier-2018-2-300x169.jpg 300w, https:\/\/test.sbeckett.fr\/wp-content\/uploads\/2023\/01\/7-fevrier-2018-2-768x434.jpg 768w, https:\/\/test.sbeckett.fr\/wp-content\/uploads\/2023\/01\/7-fevrier-2018-2-1536x867.jpg 1536w, https:\/\/test.sbeckett.fr\/wp-content\/uploads\/2023\/01\/7-fevrier-2018-2-2048x1156.jpg 2048w\" sizes=\"auto, (max-width: 1024px) 100vw, 1024px\" \/><\/figure><div class=\"wp-block-media-text__content\">\n<h2 class=\"wp-block-heading\">L&rsquo;orientation en 2GT<\/h2>\n\n\n\n<p>La Seconde GT est con\u00e7ue pour permettre aux \u00e9l\u00e8ves de d\u00e9couvrir leurs centres d\u2019int\u00e9r\u00eat et de se projeter vers les s\u00e9ries du cycle terminal (Premi\u00e8re et Terminale). Tout au long de l\u2019ann\u00e9e, un accompagnement \u00e0 l\u2019orientation est mis en place :<\/p>\n\n\n\n<ol class=\"wp-block-list\">\n<li><strong>D\u00e9couverte des sp\u00e9cialit\u00e9s<\/strong><br>Les \u00e9l\u00e8ves assistent \u00e0 des pr\u00e9sentations des enseignements de sp\u00e9cialit\u00e9 propos\u00e9s au lyc\u00e9e afin de faire un choix \u00e9clair\u00e9 pour la classe de Premi\u00e8re.<\/li>\n\n\n\n<li><strong>Entretiens personnalis\u00e9s<\/strong><br>Des rencontres avec les professeurs principaux et les conseillers d\u2019orientation permettent d\u2019affiner les projets d\u2019\u00e9tudes en fonction des go\u00fbts et des aptitudes de chaque \u00e9l\u00e8ve.<\/li>\n\n\n\n<li><strong>Aide au choix des fili\u00e8res<\/strong><br>En fin d\u2019ann\u00e9e, les \u00e9l\u00e8ves choisissent leur orientation entre les voies g\u00e9n\u00e9rale, technologique ou professionnelle, en fonction de leurs aspirations et de leurs r\u00e9sultats scolaires. Le lyc\u00e9e Samuel Beckett propose un accompagnement attentif pour s\u2019assurer que chaque \u00e9l\u00e8ve trouve sa voie.<\/li>\n<\/ol>\n<\/div><\/div>\n\n\n\n<div class=\"wp-block-group has-global-padding is-layout-constrained wp-block-group-is-layout-constrained\">\n<h1 class=\"wp-block-heading has-text-align-left has-primary-color has-text-color has-max-48-font-size\"><strong>La premi\u00e8re et la terminale \u00e0 Samuel Beckett<\/strong><\/h1>\n\n\n\n<div class=\"wp-block-columns has-background-background-color has-background is-layout-flex wp-container-core-columns-is-layout-28f84493 wp-block-columns-is-layout-flex\" style=\"border-radius:1px\">\n<div class=\"wp-block-column is-style-shadow has-white-color has-primary-background-color has-text-color has-background is-layout-flow wp-block-column-is-layout-flow\" style=\"border-style:none;border-width:0px\">\n<div class=\"wp-block-group has-global-padding is-layout-constrained wp-block-group-is-layout-constrained\">\n<div style=\"height:20px\" aria-hidden=\"true\" class=\"wp-block-spacer\"><\/div>\n\n\n\n<h2 class=\"wp-block-heading has-text-align-center has-secondary-color has-text-color has-link-color wp-elements-d14e72b38ebe09945fd8d1f48640bf3e\"><strong><a href=\"https:\/\/test.sbeckett.fr\/?page_id=107\" data-type=\"page\" data-id=\"107\">La fili\u00e8re g\u00e9n\u00e9rale<\/a><\/strong><\/h2>\n<\/div>\n<\/div>\n\n\n\n<div class=\"wp-block-column is-style-shadow has-primary-background-color has-background is-layout-flow wp-block-column-is-layout-flow\">\n<div style=\"height:20px\" aria-hidden=\"true\" class=\"wp-block-spacer\"><\/div>\n\n\n\n<h2 class=\"wp-block-heading has-text-align-center has-secondary-color has-text-color has-link-color wp-elements-c02618ecb45a94f59b6a6bff27f572c6\"><strong><a href=\"https:\/\/test.sbeckett.fr\/?page_id=113\" data-type=\"page\" data-id=\"113\">La fili\u00e8re STMG<\/a><\/strong><\/h2>\n<\/div>\n<\/div>\n<\/div>\n<\/div>\n<\/div>\n\n\n\n<div style=\"height:46px\" aria-hidden=\"true\" class=\"wp-block-spacer\"><\/div>\n\n\n\n<div style=\"height:100px\" aria-hidden=\"true\" class=\"wp-block-spacer\"><\/div>\n<\/div>\n\n\n\n<p><\/p>\n","protected":false},"excerpt":{"rendered":"<p>La seconde \u00e0 Samuel Beckett Vous trouverez ici une pr\u00e9sentation de la seconde et des diff\u00e9rentes fili\u00e8res de l&rsquo;\u00e9tablissement. Pr\u00e9sentation g\u00e9n\u00e9rale de la 2GT La Seconde G\u00e9n\u00e9rale et Technologique (2GT) est une ann\u00e9e charni\u00e8re qui marque l\u2019entr\u00e9e au lyc\u00e9e et pr\u00e9pare les \u00e9l\u00e8ves aux voies g\u00e9n\u00e9rale et technologique. Elle propose un socle commun d\u2019enseignements afin [&hellip;]<\/p>\n","protected":false},"author":1,"featured_media":0,"parent":0,"menu_order":0,"comment_status":"closed","ping_status":"closed","template":"no-title","meta":{"_themeisle_gutenberg_block_has_review":false,"footnotes":""},"class_list":["post-95","page","type-page","status-publish","hentry"],"_links":{"self":[{"href":"https:\/\/test.sbeckett.fr\/index.php?rest_route=\/wp\/v2\/pages\/95","targetHints":{"allow":["GET"]}}],"collection":[{"href":"https:\/\/test.sbeckett.fr\/index.php?rest_route=\/wp\/v2\/pages"}],"about":[{"href":"https:\/\/test.sbeckett.fr\/index.php?rest_route=\/wp\/v2\/types\/page"}],"author":[{"embeddable":true,"href":"https:\/\/test.sbeckett.fr\/index.php?rest_route=\/wp\/v2\/users\/1"}],"replies":[{"embeddable":true,"href":"https:\/\/test.sbeckett.fr\/index.php?rest_route=%2Fwp%2Fv2%2Fcomments&post=95"}],"version-history":[{"count":16,"href":"https:\/\/test.sbeckett.fr\/index.php?rest_route=\/wp\/v2\/pages\/95\/revisions"}],"predecessor-version":[{"id":657,"href":"https:\/\/test.sbeckett.fr\/index.php?rest_route=\/wp\/v2\/pages\/95\/revisions\/657"}],"wp:attachment":[{"href":"https:\/\/test.sbeckett.fr\/index.php?rest_route=%2Fwp%2Fv2%2Fmedia&parent=95"}],"curies":[{"name":"wp","href":"https:\/\/api.w.org\/{rel}","templated":true}]}}