{"id":73,"date":"2023-01-12T10:52:52","date_gmt":"2023-01-12T10:52:52","guid":{"rendered":"https:\/\/test.sbeckett.fr\/?page_id=73"},"modified":"2023-02-06T08:48:36","modified_gmt":"2023-02-06T07:48:36","slug":"73-2","status":"publish","type":"page","link":"https:\/\/test.sbeckett.fr\/?page_id=73","title":{"rendered":"Informations pratiques"},"content":{"rendered":"\n<div id=\"main-title\" class=\"wp-block-group has-global-padding is-layout-constrained wp-container-core-group-is-layout-19e250f3 wp-block-group-is-layout-constrained\">\n<div style=\"height:60px\" aria-hidden=\"true\" class=\"wp-block-spacer\"><\/div>\n\n\n\n<h1 class=\"has-text-align-center has-primary-color has-text-color has-max-60-font-size wp-block-heading\">Informations pratiques<\/h1>\n\n\n\n<p class=\"has-text-align-center has-header-footer-color has-text-color\">Une pr\u00e9sentation du lyc\u00e9e Samuel Beckett<\/p>\n\n\n\n<div class=\"wp-block-group has-global-padding is-layout-constrained wp-block-group-is-layout-constrained\">\n<div class=\"wp-block-group has-global-padding is-layout-constrained wp-block-group-is-layout-constrained\">\n<div style=\"height:60px\" aria-hidden=\"true\" class=\"wp-block-spacer\"><\/div>\n\n\n\n<div id=\"wp-block-themeisle-blocks-button-group-bacacee1\" class=\"wp-block-themeisle-blocks-button-group wp-block-buttons\">\n<div id=\"wp-block-themeisle-blocks-button-9a91da1e\" class=\"wp-block-themeisle-blocks-button wp-block-button is-style-outline\"><a href=\"https:\/\/sbeckett.fr\/?page_id=231\" target=\"_self\" rel=\"noopener noreferrer\" class=\"wp-block-button__link\"><span>Vie Scolaire<\/span><\/a><\/div>\n\n\n\n<div id=\"wp-block-themeisle-blocks-button-2a2230ba\" class=\"wp-block-themeisle-blocks-button wp-block-button is-style-outline\"><a href=\"https:\/\/sbeckett.fr\/?page_id=237\" target=\"_self\" rel=\"noopener noreferrer\" class=\"wp-block-button__link\"><span>CDI<\/span><\/a><\/div>\n\n\n\n<div id=\"wp-block-themeisle-blocks-button-8ae19758\" class=\"wp-block-themeisle-blocks-button wp-block-button is-style-outline\"><a href=\"https:\/\/sbeckett.fr\/?page_id=240\" target=\"_self\" rel=\"noopener noreferrer\" class=\"wp-block-button__link\"><span>Organigramme<\/span><\/a><\/div>\n\n\n\n<div id=\"wp-block-themeisle-blocks-button-1fdd9002\" class=\"wp-block-themeisle-blocks-button wp-block-button is-style-outline\"><a href=\"https:\/\/test.sbeckett.fr\/?page_id=243\" target=\"_self\" rel=\"noopener noreferrer\" class=\"wp-block-button__link\"><span>Intendance<\/span><\/a><\/div>\n\n\n\n<div id=\"wp-block-themeisle-blocks-button-d9d6c242\" class=\"wp-block-themeisle-blocks-button wp-block-button is-style-outline\"><a href=\"https:\/\/sbeckett.fr\/?page_id=246\" target=\"_self\" rel=\"noopener noreferrer\" class=\"wp-block-button__link\"><span>MDL<\/span><\/a><\/div>\n\n\n\n<div id=\"wp-block-themeisle-blocks-button-6f7964c5\" class=\"wp-block-themeisle-blocks-button wp-block-button is-style-outline\"><a href=\"https:\/\/sbeckett.fr\/?page_id=249\" target=\"_self\" rel=\"noopener noreferrer\" class=\"wp-block-button__link\"><span>Nous contacter<\/span><\/a><\/div>\n<\/div>\n<\/div>\n<\/div>\n<\/div>\n\n\n\n<div id=\"key-facts\" class=\"wp-block-group has-background has-global-padding is-layout-constrained wp-block-group-is-layout-constrained\" style=\"background:linear-gradient(0deg,var(--wp--preset--color--primary) 81%,rgb(255,255,255) 81%)\">\n<div class=\"wp-block-columns is-layout-flex wp-container-core-columns-is-layout-28f84493 wp-block-columns-is-layout-flex\">\n<div class=\"wp-block-column is-layout-flow wp-block-column-is-layout-flow\">\n<div class=\"wp-block-cover alignwide is-light\" style=\"min-height:140px;aspect-ratio:unset;\"><span aria-hidden=\"true\" class=\"wp-block-cover__background has-background-dim-0 has-background-dim\"><\/span><img loading=\"lazy\" decoding=\"async\" width=\"1280\" height=\"800\" class=\"wp-block-cover__image-background wp-image-90\" alt=\"\" src=\"https:\/\/test.sbeckett.fr\/wp-content\/uploads\/2023\/01\/Lycee-Samuel-Becket-manifestation-lyceens-la-ferte-sous-jouarre-edited.jpg\" style=\"object-position:49% 62%\" data-object-fit=\"cover\" data-object-position=\"49% 62%\" srcset=\"https:\/\/test.sbeckett.fr\/wp-content\/uploads\/2023\/01\/Lycee-Samuel-Becket-manifestation-lyceens-la-ferte-sous-jouarre-edited.jpg 1280w, https:\/\/test.sbeckett.fr\/wp-content\/uploads\/2023\/01\/Lycee-Samuel-Becket-manifestation-lyceens-la-ferte-sous-jouarre-edited-300x188.jpg 300w, https:\/\/test.sbeckett.fr\/wp-content\/uploads\/2023\/01\/Lycee-Samuel-Becket-manifestation-lyceens-la-ferte-sous-jouarre-edited-1024x640.jpg 1024w, https:\/\/test.sbeckett.fr\/wp-content\/uploads\/2023\/01\/Lycee-Samuel-Becket-manifestation-lyceens-la-ferte-sous-jouarre-edited-768x480.jpg 768w\" sizes=\"auto, (max-width: 1280px) 100vw, 1280px\" \/><div class=\"wp-block-cover__inner-container is-layout-flow wp-block-cover-is-layout-flow\">\n<p class=\"has-text-align-center has-large-font-size\"><\/p>\n<\/div><\/div>\n\n\n\n<div style=\"height:18px\" aria-hidden=\"true\" class=\"wp-block-spacer\"><\/div>\n\n\n\n<div class=\"wp-block-columns is-layout-flex wp-container-core-columns-is-layout-28f84493 wp-block-columns-is-layout-flex\">\n<div class=\"wp-block-column is-layout-flow wp-block-column-is-layout-flow\">\n<h2 class=\"has-white-color has-text-color has-max-48-font-size wp-block-heading\">Le lyc\u00e9e Samuel Beckett en quelques chiffres<\/h2>\n<\/div>\n<\/div>\n<\/div>\n<\/div>\n\n\n\n<div class=\"wp-block-columns is-layout-flex wp-container-core-columns-is-layout-28f84493 wp-block-columns-is-layout-flex\">\n<div class=\"wp-block-column is-layout-flow wp-block-column-is-layout-flow\" style=\"flex-basis:50%\">\n<div class=\"wp-block-group has-global-padding is-layout-constrained wp-block-group-is-layout-constrained\">\n<div class=\"wp-block-columns is-layout-flex wp-container-core-columns-is-layout-28f84493 wp-block-columns-is-layout-flex\">\n<div class=\"wp-block-column is-layout-flow wp-block-column-is-layout-flow\">\n<h2 class=\"has-secondary-color has-text-color wp-block-heading\">2007<\/h2>\n<\/div>\n<\/div>\n\n\n\n<div class=\"wp-block-columns is-layout-flex wp-container-core-columns-is-layout-28f84493 wp-block-columns-is-layout-flex\">\n<div class=\"wp-block-column is-layout-flow wp-block-column-is-layout-flow\">\n<p class=\"has-lightgrey-color has-text-color\">Ann\u00e9e d&rsquo;ouverture du lyc\u00e9e Samuel Beckett<\/p>\n<\/div>\n<\/div>\n<\/div>\n<\/div>\n\n\n\n<div class=\"wp-block-column is-layout-flow wp-block-column-is-layout-flow\" style=\"flex-basis:50%\">\n<div class=\"wp-block-group has-global-padding is-layout-constrained wp-block-group-is-layout-constrained\">\n<div class=\"wp-block-columns is-layout-flex wp-container-core-columns-is-layout-28f84493 wp-block-columns-is-layout-flex\">\n<div class=\"wp-block-column is-layout-flow wp-block-column-is-layout-flow\">\n<h2 class=\"has-secondary-color has-text-color wp-block-heading\">25<\/h2>\n<\/div>\n<\/div>\n\n\n\n<div class=\"wp-block-columns is-layout-flex wp-container-core-columns-is-layout-28f84493 wp-block-columns-is-layout-flex\">\n<div class=\"wp-block-column is-layout-flow wp-block-column-is-layout-flow\">\n<p class=\"has-lightgrey-color has-text-color\">classes de la seconde \u00e0 bac+2<\/p>\n<\/div>\n<\/div>\n<\/div>\n<\/div>\n<\/div>\n\n\n\n<div class=\"wp-block-columns is-layout-flex wp-container-core-columns-is-layout-28f84493 wp-block-columns-is-layout-flex\">\n<div class=\"wp-block-column is-layout-flow wp-block-column-is-layout-flow\" style=\"flex-basis:50%\">\n<div class=\"wp-block-group has-global-padding is-layout-constrained wp-block-group-is-layout-constrained\">\n<div class=\"wp-block-columns is-layout-flex wp-container-core-columns-is-layout-28f84493 wp-block-columns-is-layout-flex\">\n<div class=\"wp-block-column is-layout-flow wp-block-column-is-layout-flow\">\n<h2 class=\"has-secondary-color has-text-color wp-block-heading\">80<\/h2>\n<\/div>\n<\/div>\n\n\n\n<div class=\"wp-block-columns is-layout-flex wp-container-core-columns-is-layout-28f84493 wp-block-columns-is-layout-flex\">\n<div class=\"wp-block-column is-layout-flow wp-block-column-is-layout-flow\">\n<p class=\"has-lightgrey-color has-text-color\">personnes qui travaillent au quotidien pour accompagner les \u00e9l\u00e8ves dont 57 enseignants<\/p>\n<\/div>\n<\/div>\n<\/div>\n<\/div>\n\n\n\n<div class=\"wp-block-column is-layout-flow wp-block-column-is-layout-flow\" style=\"flex-basis:50%\">\n<div class=\"wp-block-group has-global-padding is-layout-constrained wp-block-group-is-layout-constrained\">\n<div class=\"wp-block-columns is-layout-flex wp-container-core-columns-is-layout-28f84493 wp-block-columns-is-layout-flex\">\n<div class=\"wp-block-column is-layout-flow wp-block-column-is-layout-flow\">\n<h2 class=\"has-secondary-color has-text-color wp-block-heading\">708<\/h2>\n<\/div>\n<\/div>\n\n\n\n<div class=\"wp-block-columns is-layout-flex wp-container-core-columns-is-layout-28f84493 wp-block-columns-is-layout-flex\">\n<div class=\"wp-block-column is-layout-flow wp-block-column-is-layout-flow\">\n<p class=\"has-lightgrey-color has-text-color\">\u00e9l\u00e8ves qui travaillent tous les jours pour leur avenir.<\/p>\n<\/div>\n<\/div>\n<\/div>\n<\/div>\n<\/div>\n\n\n\n<div style=\"height:60px\" aria-hidden=\"true\" class=\"wp-block-spacer\"><\/div>\n\n\n\n<div style=\"height:40px\" aria-hidden=\"true\" class=\"wp-block-spacer\"><\/div>\n<\/div>\n","protected":false},"excerpt":{"rendered":"<p>Informations pratiques Une pr\u00e9sentation du lyc\u00e9e Samuel Beckett Le lyc\u00e9e Samuel Beckett en quelques chiffres 2007 Ann\u00e9e d&rsquo;ouverture du lyc\u00e9e Samuel Beckett 25 classes de la seconde \u00e0 bac+2 80 personnes qui travaillent au quotidien pour accompagner les \u00e9l\u00e8ves dont 57 enseignants 708 \u00e9l\u00e8ves qui travaillent tous les jours pour leur avenir.<\/p>\n","protected":false},"author":1,"featured_media":0,"parent":0,"menu_order":0,"comment_status":"closed","ping_status":"closed","template":"no-title","meta":{"_themeisle_gutenberg_block_has_review":false,"footnotes":""},"class_list":["post-73","page","type-page","status-publish","hentry"],"_links":{"self":[{"href":"https:\/\/test.sbeckett.fr\/index.php?rest_route=\/wp\/v2\/pages\/73","targetHints":{"allow":["GET"]}}],"collection":[{"href":"https:\/\/test.sbeckett.fr\/index.php?rest_route=\/wp\/v2\/pages"}],"about":[{"href":"https:\/\/test.sbeckett.fr\/index.php?rest_route=\/wp\/v2\/types\/page"}],"author":[{"embeddable":true,"href":"https:\/\/test.sbeckett.fr\/index.php?rest_route=\/wp\/v2\/users\/1"}],"replies":[{"embeddable":true,"href":"https:\/\/test.sbeckett.fr\/index.php?rest_route=%2Fwp%2Fv2%2Fcomments&post=73"}],"version-history":[{"count":20,"href":"https:\/\/test.sbeckett.fr\/index.php?rest_route=\/wp\/v2\/pages\/73\/revisions"}],"predecessor-version":[{"id":350,"href":"https:\/\/test.sbeckett.fr\/index.php?rest_route=\/wp\/v2\/pages\/73\/revisions\/350"}],"wp:attachment":[{"href":"https:\/\/test.sbeckett.fr\/index.php?rest_route=%2Fwp%2Fv2%2Fmedia&parent=73"}],"curies":[{"name":"wp","href":"https:\/\/api.w.org\/{rel}","templated":true}]}}