{"id":54,"date":"2023-01-12T08:35:54","date_gmt":"2023-01-12T07:35:54","guid":{"rendered":"https:\/\/test.sbeckett.fr\/?page_id=54"},"modified":"2023-01-30T12:02:16","modified_gmt":"2023-01-30T11:02:16","slug":"actualites","status":"publish","type":"page","link":"https:\/\/test.sbeckett.fr\/?page_id=54","title":{"rendered":"Actualit\u00e9s du lyc\u00e9e"},"content":{"rendered":"\n<div class=\"wp-block-group has-global-padding is-layout-constrained wp-block-group-is-layout-constrained\">\n<div class=\"wp-block-query is-layout-flow wp-block-query-is-layout-flow\"><ul class=\"ticss-57c96de4 wp-block-post-template is-layout-flow wp-block-post-template-is-layout-flow\"><li class=\"wp-block-post post-775 post type-post status-publish format-standard has-post-thumbnail hentry category-uncategorized\">\n<h3 style=\"margin-top:0;margin-right:0;margin-bottom:var(--wp--preset--spacing--x-small);margin-left:0;\" class=\"has-link-color wp-elements-a91f6f82c55cc2c0e9a006d87f81ec54 wp-block-post-title has-text-color has-tertiary-color has-max-36-font-size\"><a href=\"https:\/\/test.sbeckett.fr\/?p=775\" target=\"_self\" >Journ\u00e9e Portes Ouvertes le Samedi 28 mars 2026<\/a><\/h3>\n\n\n<div class=\"wp-block-group is-content-justification-left is-nowrap is-layout-flex wp-container-core-group-is-layout-0516e1e3 wp-block-group-is-layout-flex\" style=\"margin-bottom:var(--wp--preset--spacing--x-small)\"><div class=\"taxonomy-category wp-block-post-terms\"><a href=\"https:\/\/test.sbeckett.fr\/?cat=1\" rel=\"tag\">Sans cat\u00e9gorie<\/a><\/div>\n\n\n<p class=\"has-lightgrey-color has-text-color\">\u2022<\/p>\n\n\n<div class=\"wp-block-post-date\"><time datetime=\"2026-02-16T21:03:06+01:00\">16 f\u00e9vrier 2026<\/time><\/div><\/div>\n\n\n<div class=\"wp-block-post-excerpt\"><p class=\"wp-block-post-excerpt__excerpt\"> <\/p><\/div>\n\n<a style=\"padding-top:0;padding-right:0;padding-bottom:0;padding-left:0;\" class=\"wp-block-read-more has-text-color has-secondary-color has-background has-white-background-color\" href=\"https:\/\/test.sbeckett.fr\/?p=775\" target=\"_self\"><strong>Lire l&rsquo;article \u2192 <\/strong><a role=\"document\" aria-label=\"Block: Read More\" class=\"block-editor-rich-text__editable block-editor-block-list__block wp-block has-secondary-color has-white-background-color has-text-color has-background is-selected remove-outline wp-block-read-more rich-text\" id=\"block-63cbfbfd-f8d4-4a03-ae54-d3f75e0a05bb\" data-block=\"63cbfbfd-f8d4-4a03-ae54-d3f75e0a05bb\" data-title=\"Read More\" style=\"font-family: var(--wp--preset--font-family--inter);font-size: var(--wp--preset--font-size--small);font-weight: var(--wp--custom--font-weight--regular);min-width: 1px;padding: 0px;display: inline !important\" data-type=\"core\/read-more\"><\/a><span class=\"screen-reader-text\">\u00a0: Journ\u00e9e Portes Ouvertes le Samedi 28 mars 2026<\/span><\/a>\n\n\n<div style=\"height:71px\" aria-hidden=\"true\" class=\"wp-block-spacer\"><\/div>\n\n<\/li><li class=\"wp-block-post post-772 post type-post status-publish format-standard has-post-thumbnail hentry category-uncategorized\">\n<h3 style=\"margin-top:0;margin-right:0;margin-bottom:var(--wp--preset--spacing--x-small);margin-left:0;\" class=\"has-link-color wp-elements-a91f6f82c55cc2c0e9a006d87f81ec54 wp-block-post-title has-text-color has-tertiary-color has-max-36-font-size\"><a href=\"https:\/\/test.sbeckett.fr\/?p=772\" target=\"_self\" >Rencontre Avec Une Chercheuse en Neurosciences : \u00ab\u00a0Paroles de chercheuses et chercheurs\u00a0\u00bb<\/a><\/h3>\n\n\n<div class=\"wp-block-group is-content-justification-left is-nowrap is-layout-flex wp-container-core-group-is-layout-0516e1e3 wp-block-group-is-layout-flex\" style=\"margin-bottom:var(--wp--preset--spacing--x-small)\"><div class=\"taxonomy-category wp-block-post-terms\"><a href=\"https:\/\/test.sbeckett.fr\/?cat=1\" rel=\"tag\">Sans cat\u00e9gorie<\/a><\/div>\n\n\n<p class=\"has-lightgrey-color has-text-color\">\u2022<\/p>\n\n\n<div class=\"wp-block-post-date\"><time datetime=\"2026-01-29T17:00:00+01:00\">29 janvier 2026<\/time><\/div><\/div>\n\n\n<div class=\"wp-block-post-excerpt\"><p class=\"wp-block-post-excerpt__excerpt\">Dans le cadre de la promotion des filles et des sciences, de la valorisation des sciences de la vie et de la d\u00e9couverte des m\u00e9tiers scientifiques, les \u00e9l\u00e8ves de premi\u00e8re et de terminale suivant la sp\u00e9cialit\u00e9 SVT ont eu l\u2019opportunit\u00e9 de rencontrer Aliz\u00e9e Lopez-Persem, charg\u00e9e de recherches \u00e0 l\u2019INSERM, au sein de l\u2019\u00e9quipe Frontlab de\u2026 <\/p><\/div>\n\n<a style=\"padding-top:0;padding-right:0;padding-bottom:0;padding-left:0;\" class=\"wp-block-read-more has-text-color has-secondary-color has-background has-white-background-color\" href=\"https:\/\/test.sbeckett.fr\/?p=772\" target=\"_self\"><strong>Lire l&rsquo;article \u2192 <\/strong><a role=\"document\" aria-label=\"Block: Read More\" class=\"block-editor-rich-text__editable block-editor-block-list__block wp-block has-secondary-color has-white-background-color has-text-color has-background is-selected remove-outline wp-block-read-more rich-text\" id=\"block-63cbfbfd-f8d4-4a03-ae54-d3f75e0a05bb\" data-block=\"63cbfbfd-f8d4-4a03-ae54-d3f75e0a05bb\" data-title=\"Read More\" style=\"font-family: var(--wp--preset--font-family--inter);font-size: var(--wp--preset--font-size--small);font-weight: var(--wp--custom--font-weight--regular);min-width: 1px;padding: 0px;display: inline !important\" data-type=\"core\/read-more\"><\/a><span class=\"screen-reader-text\">\u00a0: Rencontre Avec Une Chercheuse en Neurosciences : \u00ab\u00a0Paroles de chercheuses et chercheurs\u00a0\u00bb<\/span><\/a>\n\n\n<div style=\"height:71px\" aria-hidden=\"true\" class=\"wp-block-spacer\"><\/div>\n\n<\/li><li class=\"wp-block-post post-758 post type-post status-publish format-standard has-post-thumbnail hentry category-actualites\">\n<h3 style=\"margin-top:0;margin-right:0;margin-bottom:var(--wp--preset--spacing--x-small);margin-left:0;\" class=\"has-link-color wp-elements-a91f6f82c55cc2c0e9a006d87f81ec54 wp-block-post-title has-text-color has-tertiary-color has-max-36-font-size\"><a href=\"https:\/\/test.sbeckett.fr\/?p=758\" target=\"_self\" >L&rsquo;Union europ\u00e9enne, unie dans la diversit\u00e9<\/a><\/h3>\n\n\n<div class=\"wp-block-group is-content-justification-left is-nowrap is-layout-flex wp-container-core-group-is-layout-0516e1e3 wp-block-group-is-layout-flex\" style=\"margin-bottom:var(--wp--preset--spacing--x-small)\"><div class=\"taxonomy-category wp-block-post-terms\"><a href=\"https:\/\/test.sbeckett.fr\/?cat=6\" rel=\"tag\">Actualit\u00e9s<\/a><\/div>\n\n\n<p class=\"has-lightgrey-color has-text-color\">\u2022<\/p>\n\n\n<div class=\"wp-block-post-date\"><time datetime=\"2026-01-27T18:02:00+01:00\">27 janvier 2026<\/time><\/div><\/div>\n\n\n<div class=\"wp-block-post-excerpt\"><p class=\"wp-block-post-excerpt__excerpt\">A l&rsquo;occasion de la Journ\u00e9e Europ\u00e9enne des langues, cr\u00e9\u00e9e en 2001 \u00e0 l\u2019initiative du Conseil de l&rsquo;Europe et c\u00e9l\u00e9br\u00e9e chaque ann\u00e9e le 26 septembre, les \u00e9l\u00e8ves du lyc\u00e9e S. Beckett ont pu d\u00e9couvrir les diff\u00e9rents pays de l&rsquo;Union Europ\u00e9enne gr\u00e2ce \u00e0 une exposition intitul\u00e9e \u00ab\u00a0Unie dans la diversit\u00e9\u00a0\u00bb.\u00a0Pr\u00eat\u00e9e au lyc\u00e9e par la Maison de l&rsquo;Europe\u2026 <\/p><\/div>\n\n<a style=\"padding-top:0;padding-right:0;padding-bottom:0;padding-left:0;\" class=\"wp-block-read-more has-text-color has-secondary-color has-background has-white-background-color\" href=\"https:\/\/test.sbeckett.fr\/?p=758\" target=\"_self\"><strong>Lire l&rsquo;article \u2192 <\/strong><a role=\"document\" aria-label=\"Block: Read More\" class=\"block-editor-rich-text__editable block-editor-block-list__block wp-block has-secondary-color has-white-background-color has-text-color has-background is-selected remove-outline wp-block-read-more rich-text\" id=\"block-63cbfbfd-f8d4-4a03-ae54-d3f75e0a05bb\" data-block=\"63cbfbfd-f8d4-4a03-ae54-d3f75e0a05bb\" data-title=\"Read More\" style=\"font-family: var(--wp--preset--font-family--inter);font-size: var(--wp--preset--font-size--small);font-weight: var(--wp--custom--font-weight--regular);min-width: 1px;padding: 0px;display: inline !important\" data-type=\"core\/read-more\"><\/a><span class=\"screen-reader-text\">\u00a0: L&rsquo;Union europ\u00e9enne, unie dans la diversit\u00e9<\/span><\/a>\n\n\n<div style=\"height:71px\" aria-hidden=\"true\" class=\"wp-block-spacer\"><\/div>\n\n<\/li><li class=\"wp-block-post post-764 post type-post status-publish format-standard has-post-thumbnail hentry category-uncategorized\">\n<h3 style=\"margin-top:0;margin-right:0;margin-bottom:var(--wp--preset--spacing--x-small);margin-left:0;\" class=\"has-link-color wp-elements-a91f6f82c55cc2c0e9a006d87f81ec54 wp-block-post-title has-text-color has-tertiary-color has-max-36-font-size\"><a href=\"https:\/\/test.sbeckett.fr\/?p=764\" target=\"_self\" >Une chercheuse \u00e0 la rencontre de nos \u00e9l\u00e8ves : un moment privil\u00e9gi\u00e9 gr\u00e2ce \u00e0 l\u2019action \u00ab 1000 chercheurs dans les \u00e9coles \u00bb<\/a><\/h3>\n\n\n<div class=\"wp-block-group is-content-justification-left is-nowrap is-layout-flex wp-container-core-group-is-layout-0516e1e3 wp-block-group-is-layout-flex\" style=\"margin-bottom:var(--wp--preset--spacing--x-small)\"><div class=\"taxonomy-category wp-block-post-terms\"><a href=\"https:\/\/test.sbeckett.fr\/?cat=1\" rel=\"tag\">Sans cat\u00e9gorie<\/a><\/div>\n\n\n<p class=\"has-lightgrey-color has-text-color\">\u2022<\/p>\n\n\n<div class=\"wp-block-post-date\"><time datetime=\"2026-01-26T16:05:00+01:00\">26 janvier 2026<\/time><\/div><\/div>\n\n\n<div class=\"wp-block-post-excerpt\"><p class=\"wp-block-post-excerpt__excerpt\">Dans le cadre de l\u2019action nationale \u00ab 1000 chercheurs dans les \u00e9coles \u00bb, soutenue par l\u2019AFM-T\u00e9l\u00e9thon, notre \u00e9tablissement a eu l\u2019honneur d\u2019accueillir, le 4 d\u00e9cembre 2025, Mme Peggy Lafuste, professeure de biologie cellulaire \u00e0 l\u2019Universit\u00e9 Paris-Est Cr\u00e9teil. Mme Lafuste est : Co-responsable de la L2 Sciences pour la Sant\u00e9, Co-responsable du parcours de M1 BTCG\u2026 <\/p><\/div>\n\n<a style=\"padding-top:0;padding-right:0;padding-bottom:0;padding-left:0;\" class=\"wp-block-read-more has-text-color has-secondary-color has-background has-white-background-color\" href=\"https:\/\/test.sbeckett.fr\/?p=764\" target=\"_self\"><strong>Lire l&rsquo;article \u2192 <\/strong><a role=\"document\" aria-label=\"Block: Read More\" class=\"block-editor-rich-text__editable block-editor-block-list__block wp-block has-secondary-color has-white-background-color has-text-color has-background is-selected remove-outline wp-block-read-more rich-text\" id=\"block-63cbfbfd-f8d4-4a03-ae54-d3f75e0a05bb\" data-block=\"63cbfbfd-f8d4-4a03-ae54-d3f75e0a05bb\" data-title=\"Read More\" style=\"font-family: var(--wp--preset--font-family--inter);font-size: var(--wp--preset--font-size--small);font-weight: var(--wp--custom--font-weight--regular);min-width: 1px;padding: 0px;display: inline !important\" data-type=\"core\/read-more\"><\/a><span class=\"screen-reader-text\">\u00a0: Une chercheuse \u00e0 la rencontre de nos \u00e9l\u00e8ves : un moment privil\u00e9gi\u00e9 gr\u00e2ce \u00e0 l\u2019action \u00ab 1000 chercheurs dans les \u00e9coles \u00bb<\/span><\/a>\n\n\n<div style=\"height:71px\" aria-hidden=\"true\" class=\"wp-block-spacer\"><\/div>\n\n<\/li><li class=\"wp-block-post post-755 post type-post status-publish format-standard hentry category-uncategorized\">\n<h3 style=\"margin-top:0;margin-right:0;margin-bottom:var(--wp--preset--spacing--x-small);margin-left:0;\" class=\"has-link-color wp-elements-a91f6f82c55cc2c0e9a006d87f81ec54 wp-block-post-title has-text-color has-tertiary-color has-max-36-font-size\"><a href=\"https:\/\/test.sbeckett.fr\/?p=755\" target=\"_self\" >Newsletter Janvier F\u00e9vrier \u00c9GALIT\u00c9 FILLES-GAR\u00c7ONS ETLUTTE CONTRE LES LGBTPHOBIES<\/a><\/h3>\n\n\n<div class=\"wp-block-group is-content-justification-left is-nowrap is-layout-flex wp-container-core-group-is-layout-0516e1e3 wp-block-group-is-layout-flex\" style=\"margin-bottom:var(--wp--preset--spacing--x-small)\"><div class=\"taxonomy-category wp-block-post-terms\"><a href=\"https:\/\/test.sbeckett.fr\/?cat=1\" rel=\"tag\">Sans cat\u00e9gorie<\/a><\/div>\n\n\n<p class=\"has-lightgrey-color has-text-color\">\u2022<\/p>\n\n\n<div class=\"wp-block-post-date\"><time datetime=\"2026-01-16T17:01:00+01:00\">16 janvier 2026<\/time><\/div><\/div>\n\n\n<div class=\"wp-block-post-excerpt\"><p class=\"wp-block-post-excerpt__excerpt\"> <\/p><\/div>\n\n<a style=\"padding-top:0;padding-right:0;padding-bottom:0;padding-left:0;\" class=\"wp-block-read-more has-text-color has-secondary-color has-background has-white-background-color\" href=\"https:\/\/test.sbeckett.fr\/?p=755\" target=\"_self\"><strong>Lire l&rsquo;article \u2192 <\/strong><a role=\"document\" aria-label=\"Block: Read More\" class=\"block-editor-rich-text__editable block-editor-block-list__block wp-block has-secondary-color has-white-background-color has-text-color has-background is-selected remove-outline wp-block-read-more rich-text\" id=\"block-63cbfbfd-f8d4-4a03-ae54-d3f75e0a05bb\" data-block=\"63cbfbfd-f8d4-4a03-ae54-d3f75e0a05bb\" data-title=\"Read More\" style=\"font-family: var(--wp--preset--font-family--inter);font-size: var(--wp--preset--font-size--small);font-weight: var(--wp--custom--font-weight--regular);min-width: 1px;padding: 0px;display: inline !important\" data-type=\"core\/read-more\"><\/a><span class=\"screen-reader-text\">\u00a0: Newsletter Janvier F\u00e9vrier \u00c9GALIT\u00c9 FILLES-GAR\u00c7ONS ETLUTTE CONTRE LES LGBTPHOBIES<\/span><\/a>\n\n\n<div style=\"height:71px\" aria-hidden=\"true\" class=\"wp-block-spacer\"><\/div>\n\n<\/li><li class=\"wp-block-post post-770 post type-post status-publish format-standard hentry category-uncategorized\">\n<h3 style=\"margin-top:0;margin-right:0;margin-bottom:var(--wp--preset--spacing--x-small);margin-left:0;\" class=\"has-link-color wp-elements-a91f6f82c55cc2c0e9a006d87f81ec54 wp-block-post-title has-text-color has-tertiary-color has-max-36-font-size\"><a href=\"https:\/\/test.sbeckett.fr\/?p=770\" target=\"_self\" >Sensibilisation des \u00e9l\u00e8ves de 1\u00e8res sur le consentement<\/a><\/h3>\n\n\n<div class=\"wp-block-group is-content-justification-left is-nowrap is-layout-flex wp-container-core-group-is-layout-0516e1e3 wp-block-group-is-layout-flex\" style=\"margin-bottom:var(--wp--preset--spacing--x-small)\"><div class=\"taxonomy-category wp-block-post-terms\"><a href=\"https:\/\/test.sbeckett.fr\/?cat=1\" rel=\"tag\">Sans cat\u00e9gorie<\/a><\/div>\n\n\n<p class=\"has-lightgrey-color has-text-color\">\u2022<\/p>\n\n\n<div class=\"wp-block-post-date\"><time datetime=\"2025-12-16T07:47:00+01:00\">16 d\u00e9cembre 2025<\/time><\/div><\/div>\n\n\n<div class=\"wp-block-post-excerpt\"><p class=\"wp-block-post-excerpt__excerpt\">Les 11 et 12 d\u00e9cembre 2025, dans le cadre du programme EVARS, les \u00e9l\u00e8ves de 1\u00e8res g\u00e9n\u00e9rales et technologiques ont particip\u00e9 \u00e0 une action de sensibilisation sur le consentement. Deux acteurs de la&nbsp;Compagnie du Dernier Mur&nbsp;sont intervenus aupr\u00e8s des six classes pour des ateliers de 2 heures, au cours desquels ils ont pr\u00e9sent\u00e9 des sc\u00e9nettes\u2026 <\/p><\/div>\n\n<a style=\"padding-top:0;padding-right:0;padding-bottom:0;padding-left:0;\" class=\"wp-block-read-more has-text-color has-secondary-color has-background has-white-background-color\" href=\"https:\/\/test.sbeckett.fr\/?p=770\" target=\"_self\"><strong>Lire l&rsquo;article \u2192 <\/strong><a role=\"document\" aria-label=\"Block: Read More\" class=\"block-editor-rich-text__editable block-editor-block-list__block wp-block has-secondary-color has-white-background-color has-text-color has-background is-selected remove-outline wp-block-read-more rich-text\" id=\"block-63cbfbfd-f8d4-4a03-ae54-d3f75e0a05bb\" data-block=\"63cbfbfd-f8d4-4a03-ae54-d3f75e0a05bb\" data-title=\"Read More\" style=\"font-family: var(--wp--preset--font-family--inter);font-size: var(--wp--preset--font-size--small);font-weight: var(--wp--custom--font-weight--regular);min-width: 1px;padding: 0px;display: inline !important\" data-type=\"core\/read-more\"><\/a><span class=\"screen-reader-text\">\u00a0: Sensibilisation des \u00e9l\u00e8ves de 1\u00e8res sur le consentement<\/span><\/a>\n\n\n<div style=\"height:71px\" aria-hidden=\"true\" class=\"wp-block-spacer\"><\/div>\n\n<\/li><\/ul>\n\n\n\n<nav class=\"wp-block-query-pagination has-medium-font-size is-content-justification-center is-layout-flex wp-container-core-query-pagination-is-layout-c124d1c4 wp-block-query-pagination-is-layout-flex\" aria-label=\"Pagination\">\n\n\n<div class=\"wp-block-query-pagination-numbers\"><span aria-current=\"page\" class=\"page-numbers current\">1<\/span>\n<a class=\"page-numbers\" href=\"?query-4-page=2&#038;rest_route=%2Fwp%2Fv2%2Fpages%2F54\">2<\/a>\n<a class=\"page-numbers\" href=\"?query-4-page=3&#038;rest_route=%2Fwp%2Fv2%2Fpages%2F54\">3<\/a>\n<span class=\"page-numbers dots\">\u2026<\/span>\n<a class=\"page-numbers\" href=\"?query-4-page=15&#038;rest_route=%2Fwp%2Fv2%2Fpages%2F54\">15<\/a><\/div>\n\n<a href=\"\/index.php?rest_route=%2Fwp%2Fv2%2Fpages%2F54&#038;query-4-page=2\" class=\"wp-block-query-pagination-next\">Page suivante<span class='wp-block-query-pagination-next-arrow is-arrow-chevron' aria-hidden='true'>\u00bb<\/span><\/a>\n<\/nav><\/div>\n\n\n\n<div style=\"height:81px\" aria-hidden=\"true\" class=\"wp-block-spacer\"><\/div>\n<\/div>\n","protected":false},"excerpt":{"rendered":"","protected":false},"author":1,"featured_media":175,"parent":0,"menu_order":0,"comment_status":"closed","ping_status":"closed","template":"no-title","meta":{"_themeisle_gutenberg_block_has_review":false,"footnotes":""},"class_list":["post-54","page","type-page","status-publish","has-post-thumbnail","hentry"],"_links":{"self":[{"href":"https:\/\/test.sbeckett.fr\/index.php?rest_route=\/wp\/v2\/pages\/54","targetHints":{"allow":["GET"]}}],"collection":[{"href":"https:\/\/test.sbeckett.fr\/index.php?rest_route=\/wp\/v2\/pages"}],"about":[{"href":"https:\/\/test.sbeckett.fr\/index.php?rest_route=\/wp\/v2\/types\/page"}],"author":[{"embeddable":true,"href":"https:\/\/test.sbeckett.fr\/index.php?rest_route=\/wp\/v2\/users\/1"}],"replies":[{"embeddable":true,"href":"https:\/\/test.sbeckett.fr\/index.php?rest_route=%2Fwp%2Fv2%2Fcomments&post=54"}],"version-history":[{"count":6,"href":"https:\/\/test.sbeckett.fr\/index.php?rest_route=\/wp\/v2\/pages\/54\/revisions"}],"predecessor-version":[{"id":301,"href":"https:\/\/test.sbeckett.fr\/index.php?rest_route=\/wp\/v2\/pages\/54\/revisions\/301"}],"wp:featuredmedia":[{"embeddable":true,"href":"https:\/\/test.sbeckett.fr\/index.php?rest_route=\/wp\/v2\/media\/175"}],"wp:attachment":[{"href":"https:\/\/test.sbeckett.fr\/index.php?rest_route=%2Fwp%2Fv2%2Fmedia&parent=54"}],"curies":[{"name":"wp","href":"https:\/\/api.w.org\/{rel}","templated":true}]}}