{"id":263,"date":"2023-01-27T16:47:43","date_gmt":"2023-01-27T15:47:43","guid":{"rendered":"https:\/\/test.sbeckett.fr\/?page_id=263"},"modified":"2023-01-30T11:17:44","modified_gmt":"2023-01-30T10:17:44","slug":"mentions-legales","status":"publish","type":"page","link":"https:\/\/test.sbeckett.fr\/?page_id=263","title":{"rendered":"Mentions l\u00e9gales"},"content":{"rendered":"\n<h2 class=\"wp-block-heading\">Mentions l\u00e9gales<\/h2>\n\n\n\n<p>Aucune reproduction sans autorisation explicite de l\u2019auteur n\u2019est possible.<\/p>\n\n\n\n<p>Les liens hypertexte pointant vers ce site sont autoris\u00e9s, \u00e0 condition de les faire pr\u00e9c\u00e9der de la mention : \u201csite internet du lyc\u00e9e Samuel Beckett (77)\u201d, et \u00e0 condition de faire en sorte que le lien hypertexte d\u00e9clenche l\u2019ouverture d\u2019une nouvelle fen\u00eatre.<\/p>\n\n\n\n<p>Responsable d&rsquo;h\u00e9bergement :<br><strong>IONOS\u00a0SARL \u00a0\u00a0\u00a0\u00a0\u00a0\u00a0\u00a0\u00a0\u00a0\u00a0\u00a0 <\/strong>\u00a0\u00a0\u00a0\u00a0\u00a0\u00a0\u00a0\u00a0\u00a0\u00a0\u00a0\u00a0\u00a0\u00a0\u00a0\u00a0\u00a0\u00a0\u00a0\u00a0\u00a0\u00a0\u00a0\u00a0\u00a0\u00a0\u00a0\u00a0\u00a0\u00a0\u00a0\u00a0\u00a0\u00a0\u00a0\u00a0\u00a0\u00a0\u00a0\u00a0\u00a0\u00a0\u00a0\u00a0\u00a0\u00a0 \u00a0\u00a0\u00a0\u00a0\u00a0\u00a0\u00a0\u00a0\u00a0\u00a0\u00a0<br>7, place de la Gare \u00a0\u00a0\u00a0\u00a0\u00a0\u00a0\u00a0\u00a0\u00a0\u00a0\u00a0\u00a0\u00a0\u00a0\u00a0\u00a0\u00a0\u00a0\u00a0\u00a0\u00a0\u00a0\u00a0\u00a0\u00a0\u00a0\u00a0\u00a0\u00a0\u00a0\u00a0\u00a0\u00a0\u00a0\u00a0\u00a0\u00a0\u00a0\u00a0\u00a0\u00a0\u00a0\u00a0\u00a0\u00a0\u00a0\u00a0\u00a0\u00a0\u00a0\u00a0\u00a0\u00a0\u00a0\u00a0\u00a0\u00a0\u00a0\u00a0\u00a0\u00a0\u00a0\u00a0\u00a0\u00a0\u00a0\u00a0\u00a0\u00a0\u00a0\u00a0\u00a0\u00a0\u00a0\u00a0\u00a0 \u00a0\u00a0\u00a0\u00a0\u00a0\u00a0\u00a0<br>BP 70109 \u00a0\u00a0\u00a0\u00a0\u00a0\u00a0\u00a0\u00a0\u00a0\u00a0\u00a0\u00a0\u00a0\u00a0\u00a0\u00a0\u00a0\u00a0\u00a0\u00a0\u00a0\u00a0\u00a0\u00a0\u00a0\u00a0\u00a0\u00a0\u00a0\u00a0\u00a0\u00a0\u00a0\u00a0\u00a0\u00a0\u00a0\u00a0\u00a0\u00a0\u00a0\u00a0\u00a0\u00a0\u00a0\u00a0\u00a0\u00a0\u00a0\u00a0\u00a0\u00a0\u00a0\u00a0\u00a0\u00a0\u00a0\u00a0\u00a0\u00a0\u00a0\u00a0\u00a0\u00a0\u00a0\u00a0\u00a0\u00a0\u00a0\u00a0\u00a0\u00a0\u00a0\u00a0\u00a0\u00a0 \u00a0\u00a0\u00a0\u00a0\u00a0\u00a0\u00a0\u00a0\u00a0\u00a0\u00a0\u00a0\u00a0\u00a0<br>57200 Sarreguemines Cedex<br>France<br><br><strong>IONOS SE<\/strong><br>Elgendorfer Str. 57<br>56410 Montabaur, Allemagne<\/p>\n\n\n\n<p>Responsable de publication :<br>Lyc\u00e9e Samuel Beckett<br>19 rue du Lion<br>77260 La Fert\u00e9 Sous Jouarre<\/p>\n","protected":false},"excerpt":{"rendered":"<p>Mentions l\u00e9gales Aucune reproduction sans autorisation explicite de l\u2019auteur n\u2019est possible. Les liens hypertexte pointant vers ce site sont autoris\u00e9s, \u00e0 condition de les faire pr\u00e9c\u00e9der de la mention : \u201csite internet du lyc\u00e9e Samuel Beckett (77)\u201d, et \u00e0 condition de faire en sorte que le lien hypertexte d\u00e9clenche l\u2019ouverture d\u2019une nouvelle fen\u00eatre. Responsable d&rsquo;h\u00e9bergement [&hellip;]<\/p>\n","protected":false},"author":1,"featured_media":0,"parent":0,"menu_order":1,"comment_status":"closed","ping_status":"closed","template":"no-title","meta":{"_themeisle_gutenberg_block_has_review":false,"footnotes":""},"class_list":["post-263","page","type-page","status-publish","hentry"],"_links":{"self":[{"href":"https:\/\/test.sbeckett.fr\/index.php?rest_route=\/wp\/v2\/pages\/263","targetHints":{"allow":["GET"]}}],"collection":[{"href":"https:\/\/test.sbeckett.fr\/index.php?rest_route=\/wp\/v2\/pages"}],"about":[{"href":"https:\/\/test.sbeckett.fr\/index.php?rest_route=\/wp\/v2\/types\/page"}],"author":[{"embeddable":true,"href":"https:\/\/test.sbeckett.fr\/index.php?rest_route=\/wp\/v2\/users\/1"}],"replies":[{"embeddable":true,"href":"https:\/\/test.sbeckett.fr\/index.php?rest_route=%2Fwp%2Fv2%2Fcomments&post=263"}],"version-history":[{"count":1,"href":"https:\/\/test.sbeckett.fr\/index.php?rest_route=\/wp\/v2\/pages\/263\/revisions"}],"predecessor-version":[{"id":264,"href":"https:\/\/test.sbeckett.fr\/index.php?rest_route=\/wp\/v2\/pages\/263\/revisions\/264"}],"wp:attachment":[{"href":"https:\/\/test.sbeckett.fr\/index.php?rest_route=%2Fwp%2Fv2%2Fmedia&parent=263"}],"curies":[{"name":"wp","href":"https:\/\/api.w.org\/{rel}","templated":true}]}}