{"id":246,"date":"2023-01-27T15:52:27","date_gmt":"2023-01-27T14:52:27","guid":{"rendered":"https:\/\/test.sbeckett.fr\/?page_id=246"},"modified":"2024-09-16T17:50:22","modified_gmt":"2024-09-16T16:50:22","slug":"mdl","status":"publish","type":"page","link":"https:\/\/test.sbeckett.fr\/?page_id=246","title":{"rendered":"MDL"},"content":{"rendered":"\n<div id=\"main-title\" class=\"wp-block-group has-global-padding is-layout-constrained wp-container-core-group-is-layout-19e250f3 wp-block-group-is-layout-constrained\">\n<div style=\"height:60px\" aria-hidden=\"true\" class=\"wp-block-spacer\"><\/div>\n\n\n\n<h1 class=\"wp-block-heading has-text-align-center has-primary-color has-text-color has-max-60-font-size\">Informations pratiques<\/h1>\n\n\n\n<div class=\"wp-block-group has-global-padding is-layout-constrained wp-block-group-is-layout-constrained\">\n<div class=\"wp-block-group has-global-padding is-layout-constrained wp-block-group-is-layout-constrained\">\n<div style=\"height:21px\" aria-hidden=\"true\" class=\"wp-block-spacer\"><\/div>\n\n\n\n<div id=\"wp-block-themeisle-blocks-button-group-bacacee1\" class=\"wp-block-themeisle-blocks-button-group wp-block-buttons\">\n<div id=\"wp-block-themeisle-blocks-button-9a91da1e\" class=\"wp-block-themeisle-blocks-button wp-block-button is-style-outline\"><a href=\"https:\/\/test.sbeckett.fr\/?page_id=231\" target=\"_self\" rel=\"noopener noreferrer\" class=\"wp-block-button__link\"><span>Vie Scolaire<\/span><\/a><\/div>\n\n\n\n<div id=\"wp-block-themeisle-blocks-button-2a2230ba\" class=\"wp-block-themeisle-blocks-button wp-block-button is-style-outline\"><a href=\"https:\/\/test.sbeckett.fr\/?page_id=237\" target=\"_self\" rel=\"noopener noreferrer\" class=\"wp-block-button__link\"><span>CDI<\/span><\/a><\/div>\n\n\n\n<div id=\"wp-block-themeisle-blocks-button-8ae19758\" class=\"wp-block-themeisle-blocks-button wp-block-button is-style-outline\"><a href=\"https:\/\/test.sbeckett.fr\/?page_id=240\" target=\"_self\" rel=\"noopener noreferrer\" class=\"wp-block-button__link\"><span>Organigramme<\/span><\/a><\/div>\n\n\n\n<div id=\"wp-block-themeisle-blocks-button-1fdd9002\" class=\"wp-block-themeisle-blocks-button wp-block-button is-style-outline\"><a href=\"https:\/\/test.sbeckett.fr\/?page_id=243\" target=\"_self\" rel=\"noopener noreferrer\" class=\"wp-block-button__link\"><span>Intendance<\/span><\/a><\/div>\n\n\n\n<div id=\"wp-block-themeisle-blocks-button-d9d6c242\" class=\"wp-block-themeisle-blocks-button wp-block-button is-style-outline\"><a href=\"https:\/\/test.sbeckett.fr\/?page_id=246\" target=\"_self\" rel=\"noopener noreferrer\" class=\"wp-block-button__link\"><span>MDL<\/span><\/a><\/div>\n\n\n\n<div id=\"wp-block-themeisle-blocks-button-6f7964c5\" class=\"wp-block-themeisle-blocks-button wp-block-button is-style-outline\"><a href=\"https:\/\/test.sbeckett.fr\/?page_id=249\" target=\"_self\" rel=\"noopener noreferrer\" class=\"wp-block-button__link\"><span>Nous contacter<\/span><\/a><\/div>\n<\/div>\n<\/div>\n<\/div>\n<\/div>\n\n\n\n<div style=\"height:100px\" aria-hidden=\"true\" class=\"wp-block-spacer\"><\/div>\n\n\n\n<h2 class=\"wp-block-heading has-text-align-center\">La Maison Des Lyc\u00e9ens<\/h2>\n\n\n\n<h2 class=\"wp-block-heading\">Qu&rsquo;est-ce que la MDL ?<\/h2>\n\n\n\n<p>La Maison Des Lyc\u00e9ens (MDL) est une association g\u00e9r\u00e9e par les \u00e9l\u00e8ves pour les \u00e9l\u00e8ves. Elle a pour mission de dynamiser la vie au lyc\u00e9e en proposant des  activit\u00e9s culturelles, artistiques, sportives et solidaires. Rejoindre la MDL, c&rsquo;est s&rsquo;offrir l&rsquo;opportunit\u00e9 de rencontrer de nouvelles personnes, de partager vos passions et de d\u00e9velopper des comp\u00e9tences utiles pour votre avenir.<\/p>\n\n\n\n<h2 class=\"wp-block-heading\">Les clubs de la MDL :<\/h2>\n\n\n\n<ul class=\"wp-block-list\">\n<li>Th\u00e9atre : Anim\u00e9 par une com\u00e9dienne professionnelle<\/li>\n\n\n\n<li>Musique<\/li>\n\n\n\n<li>Breakdance : Anim\u00e9 par un professionnel<\/li>\n\n\n\n<li>Manga<\/li>\n\n\n\n<li>Jeu de r\u00f4le<\/li>\n\n\n\n<li>Lecture<\/li>\n\n\n\n<li>Audiovisuel<\/li>\n<\/ul>\n\n\n\n<p>Et bien plus encore ! Vous avez une passion particuli\u00e8re ? Cr\u00e9ez votre propre club et partagez-la avec les autres !<\/p>\n\n\n\n<h2 class=\"wp-block-heading\">La MDL c&rsquo;est aussi :<\/h2>\n\n\n\n<p>L&rsquo;organisation du bal de fin d&rsquo;ann\u00e9e des terminales, les photos de classe en d\u00e9but d&rsquo;ann\u00e9e, les journ\u00e9es \u00e0 th\u00e8mes.<br>C&rsquo;est le lieu pour faire vivre votre lyc\u00e9e et faire \u00e9merger vos projets, donc si vous avez des id\u00e9es, venez nous en parler.<\/p>\n\n\n\n<h2 class=\"wp-block-heading\">A qui s&rsquo;adresser ?<\/h2>\n\n\n\n<p>Tes enseignants pourront surement t&rsquo;aider mais tu peux venir voir les enseignants membres du bureau de la MDL :<\/p>\n\n\n\n<ul class=\"wp-block-list\">\n<li>M. Bimbi (Pr\u00e9sident de la MDL)<\/li>\n\n\n\n<li>Mmes Liogier et Migge (Secr\u00e9taires de la MDL)<\/li>\n\n\n\n<li>M. Leseur (Tr\u00e9sorier de la MDL)<\/li>\n<\/ul>\n\n\n\n<p><\/p>\n","protected":false},"excerpt":{"rendered":"<p>Informations pratiques La Maison Des Lyc\u00e9ens Qu&rsquo;est-ce que la MDL ? La Maison Des Lyc\u00e9ens (MDL) est une association g\u00e9r\u00e9e par les \u00e9l\u00e8ves pour les \u00e9l\u00e8ves. Elle a pour mission de dynamiser la vie au lyc\u00e9e en proposant des activit\u00e9s culturelles, artistiques, sportives et solidaires. Rejoindre la MDL, c&rsquo;est s&rsquo;offrir l&rsquo;opportunit\u00e9 de rencontrer de nouvelles [&hellip;]<\/p>\n","protected":false},"author":1,"featured_media":0,"parent":73,"menu_order":0,"comment_status":"closed","ping_status":"closed","template":"no-title","meta":{"_themeisle_gutenberg_block_has_review":false,"footnotes":""},"class_list":["post-246","page","type-page","status-publish","hentry"],"_links":{"self":[{"href":"https:\/\/test.sbeckett.fr\/index.php?rest_route=\/wp\/v2\/pages\/246","targetHints":{"allow":["GET"]}}],"collection":[{"href":"https:\/\/test.sbeckett.fr\/index.php?rest_route=\/wp\/v2\/pages"}],"about":[{"href":"https:\/\/test.sbeckett.fr\/index.php?rest_route=\/wp\/v2\/types\/page"}],"author":[{"embeddable":true,"href":"https:\/\/test.sbeckett.fr\/index.php?rest_route=\/wp\/v2\/users\/1"}],"replies":[{"embeddable":true,"href":"https:\/\/test.sbeckett.fr\/index.php?rest_route=%2Fwp%2Fv2%2Fcomments&post=246"}],"version-history":[{"count":4,"href":"https:\/\/test.sbeckett.fr\/index.php?rest_route=\/wp\/v2\/pages\/246\/revisions"}],"predecessor-version":[{"id":641,"href":"https:\/\/test.sbeckett.fr\/index.php?rest_route=\/wp\/v2\/pages\/246\/revisions\/641"}],"up":[{"embeddable":true,"href":"https:\/\/test.sbeckett.fr\/index.php?rest_route=\/wp\/v2\/pages\/73"}],"wp:attachment":[{"href":"https:\/\/test.sbeckett.fr\/index.php?rest_route=%2Fwp%2Fv2%2Fmedia&parent=246"}],"curies":[{"name":"wp","href":"https:\/\/api.w.org\/{rel}","templated":true}]}}