{"id":237,"date":"2023-01-27T15:05:21","date_gmt":"2023-01-27T14:05:21","guid":{"rendered":"https:\/\/test.sbeckett.fr\/?page_id=237"},"modified":"2023-04-03T07:30:30","modified_gmt":"2023-04-03T06:30:30","slug":"cdi","status":"publish","type":"page","link":"https:\/\/test.sbeckett.fr\/?page_id=237","title":{"rendered":"CDI"},"content":{"rendered":"\n<div id=\"main-title\" class=\"wp-block-group has-global-padding is-layout-constrained wp-container-core-group-is-layout-19e250f3 wp-block-group-is-layout-constrained\">\n<div style=\"height:60px\" aria-hidden=\"true\" class=\"wp-block-spacer\"><\/div>\n\n\n\n<h1 class=\"wp-block-heading has-text-align-center has-primary-color has-text-color has-max-60-font-size\">Informations pratiques<\/h1>\n\n\n\n<div class=\"wp-block-group has-global-padding is-layout-constrained wp-block-group-is-layout-constrained\">\n<div class=\"wp-block-group has-global-padding is-layout-constrained wp-block-group-is-layout-constrained\">\n<div style=\"height:21px\" aria-hidden=\"true\" class=\"wp-block-spacer\"><\/div>\n\n\n\n<div id=\"wp-block-themeisle-blocks-button-group-bacacee1\" class=\"wp-block-themeisle-blocks-button-group wp-block-buttons\">\n<div id=\"wp-block-themeisle-blocks-button-9a91da1e\" class=\"wp-block-themeisle-blocks-button wp-block-button is-style-outline\"><a href=\"https:\/\/test.sbeckett.fr\/?page_id=231\" target=\"_self\" rel=\"noopener noreferrer\" class=\"wp-block-button__link\"><span>Vie Scolaire<\/span><\/a><\/div>\n\n\n\n<div id=\"wp-block-themeisle-blocks-button-2a2230ba\" class=\"wp-block-themeisle-blocks-button wp-block-button is-style-outline\"><a href=\"https:\/\/test.sbeckett.fr\/?page_id=237\" target=\"_self\" rel=\"noopener noreferrer\" class=\"wp-block-button__link\"><span>CDI<\/span><\/a><\/div>\n\n\n\n<div id=\"wp-block-themeisle-blocks-button-8ae19758\" class=\"wp-block-themeisle-blocks-button wp-block-button is-style-outline\"><a href=\"https:\/\/test.sbeckett.fr\/?page_id=240\" target=\"_self\" rel=\"noopener noreferrer\" class=\"wp-block-button__link\"><span>Organigramme<\/span><\/a><\/div>\n\n\n\n<div id=\"wp-block-themeisle-blocks-button-1fdd9002\" class=\"wp-block-themeisle-blocks-button wp-block-button is-style-outline\"><a href=\"https:\/\/test.sbeckett.fr\/?page_id=243\" target=\"_self\" rel=\"noopener noreferrer\" class=\"wp-block-button__link\"><span>Intendance<\/span><\/a><\/div>\n\n\n\n<div id=\"wp-block-themeisle-blocks-button-d9d6c242\" class=\"wp-block-themeisle-blocks-button wp-block-button is-style-outline\"><a href=\"https:\/\/test.sbeckett.fr\/?page_id=246\" target=\"_self\" rel=\"noopener noreferrer\" class=\"wp-block-button__link\"><span>MDL<\/span><\/a><\/div>\n\n\n\n<div id=\"wp-block-themeisle-blocks-button-6f7964c5\" class=\"wp-block-themeisle-blocks-button wp-block-button is-style-outline\"><a href=\"https:\/\/test.sbeckett.fr\/?page_id=249\" target=\"_self\" rel=\"noopener noreferrer\" class=\"wp-block-button__link\"><span>Nous contacter<\/span><\/a><\/div>\n<\/div>\n<\/div>\n<\/div>\n<\/div>\n\n\n\n<div style=\"height:100px\" aria-hidden=\"true\" class=\"wp-block-spacer\"><\/div>\n\n\n\n<h2 class=\"wp-block-heading has-text-align-center\">Le CDI<\/h2>\n\n\n\n<p><strong>Le Centre de Documentation et d\u2019Information du lyc\u00e9e Samuel Beckett est un lieu accessible \u00e0 toute la communaut\u00e9 \u00e9ducative : \u00e9l\u00e8ves, enseignants, et \u00e0 l\u2019ensemble du personnel de l\u2019\u00e9tablissement.<\/strong><\/p>\n\n\n\n<p>Le CDI est un espace de recherche, de travail, de lecture et d\u2019ouverture culturelle. C\u2019est un lieu d\u2019apprentissage des savoirs et comp\u00e9tences documentaires.<\/p>\n\n\n\n<p>Les usagers ont \u00e0 leur disposition des revues , des documentaires, des fictions (BD, romans, mangas,&#8230;).<\/p>\n\n\n\n<p>Le pr\u00eat est limit\u00e9 \u00e0 3 emprunts pour une dur\u00e9e de 3 semaines.<\/p>\n\n\n\n<p>Les \u00e9l\u00e8ves ont acc\u00e8s \u00e0 EUROPRESSE via le portail <strong><a href=\"https:\/\/0772685a.esidoc.fr\/\" data-type=\"URL\" data-id=\"https:\/\/0772685a.esidoc.fr\/\" target=\"_blank\" rel=\"noreferrer noopener\">e-sidoc<\/a><\/strong> durant toute l\u2019ann\u00e9e scolaire.<\/p>\n\n\n\n<p>Plusieurs ordinateurs sont \u00e0 disposition des \u00e9l\u00e8ves pour leurs recherches sur e-sidoc ou internet<\/p>\n\n\n\n<p>Un p\u00f4le orientation permet aux \u00e9l\u00e8ves de trouver tous les renseignements sur l\u2019orientation scolaire et les diff\u00e9rents domaines professionnels.<\/p>\n\n\n\n<p>Le portail documentaire du CDI: <a href=\"https:\/\/0772685a.esidoc.fr\/\" target=\"_blank\" rel=\"noreferrer noopener\">https:\/\/0772685a.esidoc.fr\/<\/a> permet l\u2019acc\u00e8s \u00e0 la base documentaire du CDI, de faire un travail de recherche en autonomie et de retrouver l\u2019actualit\u00e9 du CDI.<\/p>\n\n\n\n<figure class=\"wp-block-image size-large\"><img loading=\"lazy\" decoding=\"async\" width=\"1024\" height=\"768\" src=\"https:\/\/test.sbeckett.fr\/wp-content\/uploads\/2023\/01\/SDC10116-1024x768.jpg\" alt=\"\" class=\"wp-image-120\" srcset=\"https:\/\/test.sbeckett.fr\/wp-content\/uploads\/2023\/01\/SDC10116-1024x768.jpg 1024w, https:\/\/test.sbeckett.fr\/wp-content\/uploads\/2023\/01\/SDC10116-300x225.jpg 300w, https:\/\/test.sbeckett.fr\/wp-content\/uploads\/2023\/01\/SDC10116-768x576.jpg 768w, https:\/\/test.sbeckett.fr\/wp-content\/uploads\/2023\/01\/SDC10116-1536x1152.jpg 1536w, https:\/\/test.sbeckett.fr\/wp-content\/uploads\/2023\/01\/SDC10116-2048x1536.jpg 2048w\" sizes=\"auto, (max-width: 1024px) 100vw, 1024px\" \/><\/figure>\n","protected":false},"excerpt":{"rendered":"<p>Informations pratiques Le CDI Le Centre de Documentation et d\u2019Information du lyc\u00e9e Samuel Beckett est un lieu accessible \u00e0 toute la communaut\u00e9 \u00e9ducative : \u00e9l\u00e8ves, enseignants, et \u00e0 l\u2019ensemble du personnel de l\u2019\u00e9tablissement. Le CDI est un espace de recherche, de travail, de lecture et d\u2019ouverture culturelle. C\u2019est un lieu d\u2019apprentissage des savoirs et comp\u00e9tences [&hellip;]<\/p>\n","protected":false},"author":1,"featured_media":120,"parent":73,"menu_order":0,"comment_status":"closed","ping_status":"closed","template":"no-title","meta":{"_themeisle_gutenberg_block_has_review":false,"footnotes":""},"class_list":["post-237","page","type-page","status-publish","has-post-thumbnail","hentry"],"_links":{"self":[{"href":"https:\/\/test.sbeckett.fr\/index.php?rest_route=\/wp\/v2\/pages\/237","targetHints":{"allow":["GET"]}}],"collection":[{"href":"https:\/\/test.sbeckett.fr\/index.php?rest_route=\/wp\/v2\/pages"}],"about":[{"href":"https:\/\/test.sbeckett.fr\/index.php?rest_route=\/wp\/v2\/types\/page"}],"author":[{"embeddable":true,"href":"https:\/\/test.sbeckett.fr\/index.php?rest_route=\/wp\/v2\/users\/1"}],"replies":[{"embeddable":true,"href":"https:\/\/test.sbeckett.fr\/index.php?rest_route=%2Fwp%2Fv2%2Fcomments&post=237"}],"version-history":[{"count":5,"href":"https:\/\/test.sbeckett.fr\/index.php?rest_route=\/wp\/v2\/pages\/237\/revisions"}],"predecessor-version":[{"id":387,"href":"https:\/\/test.sbeckett.fr\/index.php?rest_route=\/wp\/v2\/pages\/237\/revisions\/387"}],"up":[{"embeddable":true,"href":"https:\/\/test.sbeckett.fr\/index.php?rest_route=\/wp\/v2\/pages\/73"}],"wp:featuredmedia":[{"embeddable":true,"href":"https:\/\/test.sbeckett.fr\/index.php?rest_route=\/wp\/v2\/media\/120"}],"wp:attachment":[{"href":"https:\/\/test.sbeckett.fr\/index.php?rest_route=%2Fwp%2Fv2%2Fmedia&parent=237"}],"curies":[{"name":"wp","href":"https:\/\/api.w.org\/{rel}","templated":true}]}}