{"id":231,"date":"2023-01-27T15:01:26","date_gmt":"2023-01-27T14:01:26","guid":{"rendered":"https:\/\/test.sbeckett.fr\/?page_id=231"},"modified":"2024-09-16T17:39:51","modified_gmt":"2024-09-16T16:39:51","slug":"vie-scolaire","status":"publish","type":"page","link":"https:\/\/test.sbeckett.fr\/?page_id=231","title":{"rendered":"Vie scolaire"},"content":{"rendered":"\n<div id=\"main-title\" class=\"wp-block-group has-global-padding is-layout-constrained wp-container-core-group-is-layout-19e250f3 wp-block-group-is-layout-constrained\">\n<div style=\"height:60px\" aria-hidden=\"true\" class=\"wp-block-spacer\"><\/div>\n\n\n\n<h1 class=\"wp-block-heading has-text-align-center has-primary-color has-text-color has-max-60-font-size\">Informations pratiques<\/h1>\n\n\n\n<div class=\"wp-block-group has-global-padding is-layout-constrained wp-block-group-is-layout-constrained\">\n<div class=\"wp-block-group has-global-padding is-layout-constrained wp-block-group-is-layout-constrained\">\n<div style=\"height:21px\" aria-hidden=\"true\" class=\"wp-block-spacer\"><\/div>\n\n\n\n<div id=\"wp-block-themeisle-blocks-button-group-bacacee1\" class=\"wp-block-themeisle-blocks-button-group wp-block-buttons\">\n<div id=\"wp-block-themeisle-blocks-button-9a91da1e\" class=\"wp-block-themeisle-blocks-button wp-block-button is-style-outline\"><a href=\"https:\/\/test.sbeckett.fr\/?page_id=231\" target=\"_self\" rel=\"noopener noreferrer\" class=\"wp-block-button__link\"><span>Vie Scolaire<\/span><\/a><\/div>\n\n\n\n<div id=\"wp-block-themeisle-blocks-button-2a2230ba\" class=\"wp-block-themeisle-blocks-button wp-block-button is-style-outline\"><a href=\"https:\/\/test.sbeckett.fr\/?page_id=237\" target=\"_self\" rel=\"noopener noreferrer\" class=\"wp-block-button__link\"><span>CDI<\/span><\/a><\/div>\n\n\n\n<div id=\"wp-block-themeisle-blocks-button-8ae19758\" class=\"wp-block-themeisle-blocks-button wp-block-button is-style-outline\"><a href=\"https:\/\/test.sbeckett.fr\/?page_id=240\" target=\"_self\" rel=\"noopener noreferrer\" class=\"wp-block-button__link\"><span>Organigramme<\/span><\/a><\/div>\n\n\n\n<div id=\"wp-block-themeisle-blocks-button-1fdd9002\" class=\"wp-block-themeisle-blocks-button wp-block-button is-style-outline\"><a href=\"https:\/\/test.sbeckett.fr\/?page_id=243\" target=\"_self\" rel=\"noopener noreferrer\" class=\"wp-block-button__link\"><span>Intendance<\/span><\/a><\/div>\n\n\n\n<div id=\"wp-block-themeisle-blocks-button-d9d6c242\" class=\"wp-block-themeisle-blocks-button wp-block-button is-style-outline\"><a href=\"https:\/\/test.sbeckett.fr\/?page_id=246\" target=\"_self\" rel=\"noopener noreferrer\" class=\"wp-block-button__link\"><span>MDL<\/span><\/a><\/div>\n\n\n\n<div id=\"wp-block-themeisle-blocks-button-6f7964c5\" class=\"wp-block-themeisle-blocks-button wp-block-button is-style-outline\"><a href=\"https:\/\/test.sbeckett.fr\/?page_id=249\" target=\"_self\" rel=\"noopener noreferrer\" class=\"wp-block-button__link\"><span>Nous contacter<\/span><\/a><\/div>\n<\/div>\n<\/div>\n<\/div>\n<\/div>\n\n\n\n<div style=\"height:100px\" aria-hidden=\"true\" class=\"wp-block-spacer\"><\/div>\n\n\n\n<h2 class=\"wp-block-heading has-text-align-center\">Pr\u00e9sentation et informations sur la vie scolaire<\/h2>\n\n\n\n<h2 class=\"wp-block-heading\">R\u00e8glement int\u00e9rieur du lyc\u00e9e<\/h2>\n\n\n\n<div data-wp-interactive=\"core\/file\" class=\"wp-block-file\"><object data-wp-bind--hidden=\"!state.hasPdfPreview\" hidden class=\"wp-block-file__embed\" data=\"https:\/\/test.sbeckett.fr\/wp-content\/uploads\/2024\/06\/Reglement-Interieur-et-ses-4-Annexes.pdf\" type=\"application\/pdf\" style=\"width:100%;height:600px\" aria-label=\"Contenu embarqu\u00e9 Reglement-Interieur-et-ses-4-Annexes.\"><\/object><a id=\"wp-block-file--media-89ea4dd6-9fa9-4c9d-a15a-61f9757498e2\" href=\"https:\/\/test.sbeckett.fr\/wp-content\/uploads\/2024\/06\/Reglement-Interieur-et-ses-4-Annexes.pdf\">Reglement-Interieur-et-ses-4-Annexes<\/a><a href=\"https:\/\/test.sbeckett.fr\/wp-content\/uploads\/2024\/06\/Reglement-Interieur-et-ses-4-Annexes.pdf\" class=\"wp-block-file__button wp-element-button\" download aria-describedby=\"wp-block-file--media-89ea4dd6-9fa9-4c9d-a15a-61f9757498e2\">T\u00e9l\u00e9charger<\/a><\/div>\n\n\n\n<p><\/p>\n","protected":false},"excerpt":{"rendered":"<p>Informations pratiques Pr\u00e9sentation et informations sur la vie scolaire R\u00e8glement int\u00e9rieur du lyc\u00e9e<\/p>\n","protected":false},"author":1,"featured_media":120,"parent":73,"menu_order":0,"comment_status":"closed","ping_status":"closed","template":"no-title","meta":{"_themeisle_gutenberg_block_has_review":false,"footnotes":""},"class_list":["post-231","page","type-page","status-publish","has-post-thumbnail","hentry"],"_links":{"self":[{"href":"https:\/\/test.sbeckett.fr\/index.php?rest_route=\/wp\/v2\/pages\/231","targetHints":{"allow":["GET"]}}],"collection":[{"href":"https:\/\/test.sbeckett.fr\/index.php?rest_route=\/wp\/v2\/pages"}],"about":[{"href":"https:\/\/test.sbeckett.fr\/index.php?rest_route=\/wp\/v2\/types\/page"}],"author":[{"embeddable":true,"href":"https:\/\/test.sbeckett.fr\/index.php?rest_route=\/wp\/v2\/users\/1"}],"replies":[{"embeddable":true,"href":"https:\/\/test.sbeckett.fr\/index.php?rest_route=%2Fwp%2Fv2%2Fcomments&post=231"}],"version-history":[{"count":5,"href":"https:\/\/test.sbeckett.fr\/index.php?rest_route=\/wp\/v2\/pages\/231\/revisions"}],"predecessor-version":[{"id":639,"href":"https:\/\/test.sbeckett.fr\/index.php?rest_route=\/wp\/v2\/pages\/231\/revisions\/639"}],"up":[{"embeddable":true,"href":"https:\/\/test.sbeckett.fr\/index.php?rest_route=\/wp\/v2\/pages\/73"}],"wp:featuredmedia":[{"embeddable":true,"href":"https:\/\/test.sbeckett.fr\/index.php?rest_route=\/wp\/v2\/media\/120"}],"wp:attachment":[{"href":"https:\/\/test.sbeckett.fr\/index.php?rest_route=%2Fwp%2Fv2%2Fmedia&parent=231"}],"curies":[{"name":"wp","href":"https:\/\/api.w.org\/{rel}","templated":true}]}}