{"id":113,"date":"2023-01-13T11:01:02","date_gmt":"2023-01-13T11:01:02","guid":{"rendered":"https:\/\/test.sbeckett.fr\/?page_id=113"},"modified":"2023-10-01T16:24:25","modified_gmt":"2023-10-01T15:24:25","slug":"stmg","status":"publish","type":"page","link":"https:\/\/test.sbeckett.fr\/?page_id=113","title":{"rendered":"La fili\u00e8re STMG"},"content":{"rendered":"\n<div class=\"wp-block-group alignfull has-global-padding is-layout-constrained wp-block-group-is-layout-constrained\" style=\"margin-top:0px\">\n<div style=\"height:100px\" aria-hidden=\"true\" class=\"wp-block-spacer\"><\/div>\n\n\n\n<h2 class=\"wp-block-heading has-text-align-left has-x-large-font-size\" id=\"pricing-table\">La fili\u00e8re STMG au lyc\u00e9e Samuel Beckett<\/h2>\n\n\n\n<p style=\"font-size:clamp(14px, 0.875rem + ((1vw - 3.2px) * 0.313), 17px);\"><strong>Forts de leurs connaissances en management, sciences de la gestion, mais aussi \u00e9conomie et droit, les bacheliers STMG peuvent envisager des poursuites d\u2019\u00e9tudes diversifi\u00e9es.<\/strong><\/p>\n\n\n\n<h2 class=\"wp-block-heading\">Pour qui ?<\/h2>\n\n\n\n<p>Les \u00e9l\u00e8ves int\u00e9ress\u00e9s par la r\u00e9alit\u00e9 du fonctionnement des organisations, les relations au travail, les nouveaux usages du num\u00e9rique, le marketing, la recherche et la mesure de la performance, l\u2019analyse des d\u00e9cisions et l\u2019impact des strat\u00e9gies d\u2019entreprise.<\/p>\n\n\n\n<h3 class=\"wp-block-heading\">Sp\u00e9cificit\u00e9s de la s\u00e9rie<\/h3>\n\n\n\n<p>Ce bac aborde les grandes questions de la gestion des organisations, par exemple&nbsp;: le r\u00f4le du facteur humain, les diff\u00e9rentes approches de la valeur, l\u2019information et la communication, etc.<\/p>\n\n\n\n<p>\u00c0 noter : l&rsquo;importance de l&rsquo;enseignement g\u00e9n\u00e9ral, pour la ma\u00eetrise de l&rsquo;expression \u00e9crite et orale, en fran\u00e7ais et en langues vivantes \u00e9trang\u00e8res, les apports culturels de l&rsquo;histoire-g\u00e9ographie et l&rsquo;appui d&rsquo;un enseignement adapt\u00e9 de math\u00e9matiques.<\/p>\n\n\n\n<p>Les \u00e9l\u00e8ves suivent des enseignements de sp\u00e9cialit\u00e9 propres \u00e0 la s\u00e9rie : trois en premi\u00e8re et deux en terminale.<\/p>\n\n\n\n<p>Les mati\u00e8res g\u00e9n\u00e9rales sont les m\u00eames dans toutes les s\u00e9ries : fran\u00e7ais (en 1<sup>\u00e8re<\/sup>), enseignement moral et civique, histoire-g\u00e9ographie, math\u00e9matiques, langues vivantes, \u00e9ducation physique et sportive et philosophie (en terminale).<\/p>\n\n\n\n<p>Les \u00e9l\u00e8ves b\u00e9n\u00e9ficient d\u2019un accompagnement personnalis\u00e9 en fonction de leurs besoins et d\u2019un accompagnement \u00e0 l\u2019orientation qui pourra repr\u00e9senter jusqu&rsquo;\u00e0 54 heures annuelles.<\/p>\n\n\n\n<p>Un ou deux enseignements optionnels valid\u00e9s en contr\u00f4le continu.<\/p>\n\n\n\n<p>Une heure hebdomadaire d\u2019ETLV (enseignement technologique) dispens\u00e9e en langue vivante.<\/p>\n\n\n\n<div class=\"wp-block-columns has-smaller-left-margin is-layout-flex wp-container-core-columns-is-layout-28f84493 wp-block-columns-is-layout-flex\">\n<div class=\"wp-block-column is-style-shadow has-light-background-background-color has-background is-layout-flow wp-container-core-column-is-layout-dba16a7e wp-block-column-is-layout-flow\" style=\"border-style:none;border-width:0px;padding-top:0;padding-right:0;padding-bottom:0;padding-left:0\">\n<div class=\"wp-block-group has-background-color has-primary-background-color has-text-color has-background has-global-padding is-layout-constrained wp-container-core-group-is-layout-4a803732 wp-block-group-is-layout-constrained\" style=\"border-top-left-radius:20px;border-top-right-radius:20px;padding-top:20px;padding-right:30px;padding-bottom:20px;padding-left:30px\">\n<div style=\"height:20px\" aria-hidden=\"true\" class=\"wp-block-spacer\"><\/div>\n\n\n\n<h3 class=\"wp-block-heading has-text-align-center has-white-color has-text-color\" style=\"font-size:clamp(24.034px, 1.502rem + ((1vw - 3.2px) * 1.663), 40px);\">En premi\u00e8re<\/h3>\n\n\n\n<h5 class=\"wp-block-heading has-text-align-center has-text-color\" style=\"color:#ffffff99\"><\/h5>\n\n\n\n<div style=\"height:20px\" aria-hidden=\"true\" class=\"wp-block-spacer\"><\/div>\n<\/div>\n\n\n\n<div class=\"wp-block-group is-style-round-bottom has-background has-global-padding is-layout-constrained wp-container-core-group-is-layout-c1694ee5 wp-block-group-is-layout-constrained\" style=\"border-style:none;border-width:0px;background-color:#ed771cad;padding-top:40px;padding-right:40px;padding-bottom:40px;padding-left:40px\">\n<p class=\"has-text-align-center has-small-font-size\">Science de Gestion et Num\u00e9rique<br>7h<\/p>\n\n\n\n<hr class=\"wp-block-separator has-text-color has-lightgrey-color has-alpha-channel-opacity has-lightgrey-background-color has-background is-style-wide\"\/>\n\n\n\n<p class=\"has-text-align-center has-small-font-size\">Management<br>4h<\/p>\n\n\n\n<hr class=\"wp-block-separator has-text-color has-lightgrey-color has-alpha-channel-opacity has-lightgrey-background-color has-background is-style-wide\"\/>\n\n\n\n<p class=\"has-text-align-center has-small-font-size\">Droit et \u00c9conomie<br>4h<\/p>\n\n\n\n<hr class=\"wp-block-separator has-text-color has-lightgrey-color has-alpha-channel-opacity has-lightgrey-background-color has-background is-style-wide\"\/>\n\n\n\n<p class=\"has-text-align-center has-small-font-size\">Fran\u00e7ais<br>3h<\/p>\n\n\n\n<hr class=\"wp-block-separator has-text-color has-background-color has-alpha-channel-opacity has-background-background-color has-background is-style-wide\"\/>\n\n\n\n<p class=\"has-text-align-center\">Histoire &#8211; G\u00e9ographie<br>1h30<\/p>\n\n\n\n<hr class=\"wp-block-separator has-text-color has-background-color has-alpha-channel-opacity has-background-background-color has-background is-style-wide\"\/>\n\n\n\n<p class=\"has-text-align-center\">Langues vivantes A et B<br>4h<\/p>\n\n\n\n<hr class=\"wp-block-separator has-text-color has-background-color has-alpha-channel-opacity has-background-background-color has-background is-style-wide\"\/>\n\n\n\n<p class=\"has-text-align-center\">\u00c9ducation Physique et Sportive<br>2h<\/p>\n\n\n\n<hr class=\"wp-block-separator has-text-color has-background-color has-alpha-channel-opacity has-background-background-color has-background is-style-wide\"\/>\n\n\n\n<p class=\"has-text-align-center\">Math\u00e9matiques<br>3h<\/p>\n\n\n\n<hr class=\"wp-block-separator has-text-color has-lightgrey-color has-alpha-channel-opacity has-lightgrey-background-color has-background is-style-wide\"\/>\n\n\n\n<div class=\"wp-block-buttons is-horizontal is-content-justification-center is-layout-flex wp-container-core-buttons-is-layout-a27650bb wp-block-buttons-is-layout-flex\" style=\"margin-top:40px\"><\/div>\n<\/div>\n<\/div>\n\n\n\n<div class=\"wp-block-column is-style-shadow has-light-background-background-color has-background is-layout-flow wp-container-core-column-is-layout-dba16a7e wp-block-column-is-layout-flow\" style=\"border-style:none;border-width:0px;padding-top:0;padding-right:0;padding-bottom:0;padding-left:0\">\n<div class=\"wp-block-group has-background-color has-secondary-background-color has-text-color has-background is-layout-flow wp-block-group-is-layout-flow\" style=\"border-top-left-radius:20px;border-top-right-radius:20px;padding-top:20px;padding-right:30px;padding-bottom:20px;padding-left:30px\">\n<div style=\"height:20px\" aria-hidden=\"true\" class=\"wp-block-spacer\"><\/div>\n\n\n\n<h3 class=\"wp-block-heading has-text-align-center has-white-color has-text-color\" style=\"font-size:clamp(24.034px, 1.502rem + ((1vw - 3.2px) * 1.663), 40px);\">Tronc commun en Terminale<\/h3>\n\n\n\n<h5 class=\"wp-block-heading has-text-align-center has-text-color\" style=\"color:#ffffff99\"><\/h5>\n\n\n\n<div style=\"height:20px\" aria-hidden=\"true\" class=\"wp-block-spacer\"><\/div>\n<\/div>\n\n\n\n<div class=\"wp-block-group is-style-round-bottom has-background is-layout-flow wp-container-core-group-is-layout-8a7de2ab wp-block-group-is-layout-flow\" style=\"border-style:none;border-width:0px;background-color:#003a66b0;padding-top:40px;padding-right:40px;padding-bottom:40px;padding-left:40px\">\n<p class=\"has-text-align-center has-small-font-size\">Langues vivantes A et B<br>4h30<\/p>\n\n\n\n<hr class=\"wp-block-separator has-text-color has-lightgrey-color has-alpha-channel-opacity has-lightgrey-background-color has-background is-style-wide\"\/>\n\n\n\n<p class=\"has-text-align-center has-small-font-size\">\u00c9conomie &#8211; droit<br>6h<\/p>\n\n\n\n<hr class=\"wp-block-separator has-text-color has-lightgrey-color has-alpha-channel-opacity has-lightgrey-background-color has-background is-style-wide\"\/>\n\n\n\n<p class=\"has-text-align-center has-small-font-size\">Management Sciences de gestion et num\u00e9rique<br>10h<\/p>\n\n\n\n<hr class=\"wp-block-separator has-text-color has-lightgrey-color has-alpha-channel-opacity has-lightgrey-background-color has-background is-style-wide\"\/>\n\n\n\n<p class=\"has-text-align-center\">Math\u00e9matiques<br>3h<\/p>\n\n\n\n<hr class=\"wp-block-separator has-text-color has-background-color has-alpha-channel-opacity has-background-background-color has-background is-style-wide\"\/>\n\n\n\n<p class=\"has-text-align-center has-small-font-size\">EPS<br>2h<\/p>\n\n\n\n<hr class=\"wp-block-separator has-text-color has-lightgrey-color has-alpha-channel-opacity has-lightgrey-background-color has-background is-style-wide\"\/>\n\n\n\n<p class=\"has-text-align-center has-small-font-size\">Histoire &#8211; G\u00e9ographie<br>1h30<br>+ 0h30 d&rsquo;EMC<\/p>\n\n\n\n<hr class=\"wp-block-separator has-text-color has-background-color has-alpha-channel-opacity has-background-background-color has-background is-style-wide\"\/>\n\n\n\n<p class=\"has-text-align-center\">Philosophie<br>2h<\/p>\n\n\n\n<hr class=\"wp-block-separator has-text-color has-background-color has-alpha-channel-opacity has-background-background-color has-background is-style-wide\"\/>\n\n\n\n<div class=\"wp-block-buttons is-horizontal is-content-justification-center is-layout-flex wp-container-core-buttons-is-layout-a27650bb wp-block-buttons-is-layout-flex\" style=\"margin-top:40px\"><\/div>\n<\/div>\n<\/div>\n\n\n\n<div class=\"wp-block-column is-style-shadow has-light-background-background-color has-background is-layout-flow wp-container-core-column-is-layout-dba16a7e wp-block-column-is-layout-flow\" style=\"border-style:none;border-width:0px;padding-top:0;padding-right:0;padding-bottom:0;padding-left:0\">\n<div class=\"wp-block-group has-background-color has-secondary-background-color has-text-color has-background is-layout-flow wp-block-group-is-layout-flow\" style=\"border-top-left-radius:20px;border-top-right-radius:20px;padding-top:20px;padding-right:30px;padding-bottom:20px;padding-left:30px\">\n<div style=\"height:20px\" aria-hidden=\"true\" class=\"wp-block-spacer\"><\/div>\n\n\n\n<h3 class=\"wp-block-heading has-text-align-center has-white-color has-text-color\" style=\"font-size:clamp(24.034px, 1.502rem + ((1vw - 3.2px) * 1.663), 40px);\">Enseignement sp\u00e9cifique en Terminale<\/h3>\n\n\n\n<h5 class=\"wp-block-heading has-text-align-center has-text-color\" style=\"color:#ffffff99\">Un parmi les trois propos\u00e9s au lyc\u00e9e<\/h5>\n\n\n\n<div style=\"height:20px\" aria-hidden=\"true\" class=\"wp-block-spacer\"><\/div>\n<\/div>\n\n\n\n<div class=\"wp-block-group is-style-round-bottom has-background is-layout-flow wp-container-core-group-is-layout-8a7de2ab wp-block-group-is-layout-flow\" style=\"border-style:none;border-width:0px;background-color:#003a66b0;padding-top:40px;padding-right:40px;padding-bottom:40px;padding-left:40px\">\n<p class=\"has-text-align-center has-small-font-size\">Gestion et finance<\/p>\n\n\n\n<hr class=\"wp-block-separator has-text-color has-lightgrey-color has-alpha-channel-opacity has-lightgrey-background-color has-background is-style-wide\"\/>\n\n\n\n<p class=\"has-text-align-center has-small-font-size\">Mercatique (marketing)<\/p>\n\n\n\n<hr class=\"wp-block-separator has-text-color has-lightgrey-color has-alpha-channel-opacity has-lightgrey-background-color has-background is-style-wide\"\/>\n\n\n\n<p class=\"has-text-align-center has-small-font-size\">Ressources humaines et communication<\/p>\n\n\n\n<hr class=\"wp-block-separator has-text-color has-lightgrey-color has-alpha-channel-opacity has-lightgrey-background-color has-background is-style-wide\"\/>\n\n\n\n<div class=\"wp-block-buttons is-horizontal is-content-justification-center is-layout-flex wp-container-core-buttons-is-layout-a27650bb wp-block-buttons-is-layout-flex\" style=\"margin-top:40px\"><\/div>\n<\/div>\n<\/div>\n<\/div>\n\n\n\n<p class=\"has-text-align-right\">Source : Le site r\u00e9f\u00e9rence de l&rsquo;<a href=\"https:\/\/www.onisep.fr\/\">ONISEP<\/a><\/p>\n\n\n\n<div style=\"height:100px\" aria-hidden=\"true\" class=\"wp-block-spacer\"><\/div>\n\n\n\n<h1 class=\"wp-block-heading\">BTS<\/h1>\n\n\n\n<p>Pr\u00e9sentation des BTS \u00e0 venir<\/p>\n<\/div>\n","protected":false},"excerpt":{"rendered":"<p>La fili\u00e8re STMG au lyc\u00e9e Samuel Beckett Forts de leurs connaissances en management, sciences de la gestion, mais aussi \u00e9conomie et droit, les bacheliers STMG peuvent envisager des poursuites d\u2019\u00e9tudes diversifi\u00e9es. Pour qui ? Les \u00e9l\u00e8ves int\u00e9ress\u00e9s par la r\u00e9alit\u00e9 du fonctionnement des organisations, les relations au travail, les nouveaux usages du num\u00e9rique, le marketing, [&hellip;]<\/p>\n","protected":false},"author":1,"featured_media":0,"parent":95,"menu_order":0,"comment_status":"closed","ping_status":"closed","template":"no-title","meta":{"_themeisle_gutenberg_block_has_review":false,"footnotes":""},"class_list":["post-113","page","type-page","status-publish","hentry"],"_links":{"self":[{"href":"https:\/\/test.sbeckett.fr\/index.php?rest_route=\/wp\/v2\/pages\/113","targetHints":{"allow":["GET"]}}],"collection":[{"href":"https:\/\/test.sbeckett.fr\/index.php?rest_route=\/wp\/v2\/pages"}],"about":[{"href":"https:\/\/test.sbeckett.fr\/index.php?rest_route=\/wp\/v2\/types\/page"}],"author":[{"embeddable":true,"href":"https:\/\/test.sbeckett.fr\/index.php?rest_route=\/wp\/v2\/users\/1"}],"replies":[{"embeddable":true,"href":"https:\/\/test.sbeckett.fr\/index.php?rest_route=%2Fwp%2Fv2%2Fcomments&post=113"}],"version-history":[{"count":10,"href":"https:\/\/test.sbeckett.fr\/index.php?rest_route=\/wp\/v2\/pages\/113\/revisions"}],"predecessor-version":[{"id":522,"href":"https:\/\/test.sbeckett.fr\/index.php?rest_route=\/wp\/v2\/pages\/113\/revisions\/522"}],"up":[{"embeddable":true,"href":"https:\/\/test.sbeckett.fr\/index.php?rest_route=\/wp\/v2\/pages\/95"}],"wp:attachment":[{"href":"https:\/\/test.sbeckett.fr\/index.php?rest_route=%2Fwp%2Fv2%2Fmedia&parent=113"}],"curies":[{"name":"wp","href":"https:\/\/api.w.org\/{rel}","templated":true}]}}