{"id":107,"date":"2023-01-13T10:45:20","date_gmt":"2023-01-13T10:45:20","guid":{"rendered":"https:\/\/test.sbeckett.fr\/?page_id=107"},"modified":"2025-01-07T18:30:56","modified_gmt":"2025-01-07T17:30:56","slug":"premiere-et-terminale-generale","status":"publish","type":"page","link":"https:\/\/test.sbeckett.fr\/?page_id=107","title":{"rendered":"La Fili\u00e8re G\u00e9n\u00e9rale"},"content":{"rendered":"\n<div class=\"wp-block-group alignfull has-global-padding is-layout-constrained wp-block-group-is-layout-constrained\" style=\"margin-top:0px\">\n<div style=\"height:100px\" aria-hidden=\"true\" class=\"wp-block-spacer\"><\/div>\n\n\n\n<h2 class=\"wp-block-heading has-text-align-left has-x-large-font-size\" id=\"pricing-table\">La Fili\u00e8re G\u00e9n\u00e9rale au lyc\u00e9e Samuel Beckett<\/h2>\n\n\n\n<p>Les lyc\u00e9ens qui pr\u00e9parent un bac g\u00e9n\u00e9ral construisent leurs parcours en fonction de leurs go\u00fbts et de leurs ambitions. Vous choisissez des enseignements de sp\u00e9cialit\u00e9 et des options d\u00e8s la 1<sup>\u00e8re<\/sup>. Cette organisation favorise votre r\u00e9ussite dans l\u2019enseignement sup\u00e9rieur, qui est l\u2019objectif premier de la voie g\u00e9n\u00e9rale.<\/p>\n\n\n\n<h2 class=\"wp-block-heading\">Une nouvelle organisation<\/h2>\n\n\n\n<p>La voie g\u00e9n\u00e9rale vise surtout la poursuite d\u2019\u00e9tudes dans un domaine&nbsp;pour une dur\u00e9e de 3 \u00e0 5 ans au moins (licence, master, pr\u00e9pa, grandes \u00e9coles). Les enseignements sont plus th\u00e9oriques que ceux propos\u00e9s en voie technologique, l\u2019autre choix qui s\u2019offre \u00e0 vous apr\u00e8s la 2<sup>nde<\/sup> g\u00e9n\u00e9rale et technologique.<\/p>\n\n\n\n<p>Votre parcours se compose d&rsquo;enseignements communs, d&rsquo;enseignements de sp\u00e9cialit\u00e9 et d&rsquo;enseignements optionnels, sur deux ans.<\/p>\n\n\n\n<h2 class=\"wp-block-heading\">Les enseignements de sp\u00e9cialit\u00e9<\/h2>\n\n\n\n<p>Pour approfondir les disciplines qui vous int\u00e9ressent et pr\u00e9parer votre orientation, vous choisirez 3 sp\u00e9cialit\u00e9s en 1<sup>\u00e8re<\/sup> et vous en conserverez 2 en terminale. Cela repr\u00e9sente 12h hebdomadaires au total en premi\u00e8re comme en terminale.<\/p>\n\n\n\n<p>Selon les choix et les combinaisons d\u2019enseignements de sp\u00e9cialit\u00e9s, vous pouvez vous orienter vers diff\u00e9rents univers de formations. Certains enseignements sont en effet plus adapt\u00e9s aux poursuites d\u2019\u00e9tudes vers les arts et industries culturelles, par exemple, d\u2019autres vers la sant\u00e9, les sciences, l\u2019informatique et math\u00e9matiques, les sciences du vivant, ou encore, les sciences humaines et sociales, les lettres, etc. <\/p>\n\n\n\n<h2 class=\"wp-block-heading\">Les enseignements optionnels<\/h2>\n\n\n\n<p>Vous aurez \u00e9galement le choix d&rsquo;un enseignement optionnel en premi\u00e8re et possiblement 2 en terminale, \u00e0 raison de 3h par semaine.<\/p>\n\n\n\n<div class=\"wp-block-columns has-smaller-left-margin is-layout-flex wp-container-core-columns-is-layout-28f84493 wp-block-columns-is-layout-flex\">\n<div class=\"wp-block-column is-style-shadow has-light-background-background-color has-background is-layout-flow wp-container-core-column-is-layout-dba16a7e wp-block-column-is-layout-flow\" style=\"border-style:none;border-width:0px;padding-top:0;padding-right:0;padding-bottom:0;padding-left:0\">\n<div class=\"wp-block-group has-background-color has-secondary-background-color has-text-color has-background is-layout-flow wp-block-group-is-layout-flow\" style=\"border-top-left-radius:20px;border-top-right-radius:20px;padding-top:20px;padding-right:30px;padding-bottom:20px;padding-left:30px\">\n<h3 class=\"wp-block-heading has-text-align-center has-white-color has-text-color has-max-48-font-size\">Tronc commun <\/h3>\n<\/div>\n\n\n\n<div class=\"wp-block-group is-style-round-bottom has-background is-layout-flow wp-container-core-group-is-layout-8a7de2ab wp-block-group-is-layout-flow\" style=\"border-style:none;border-width:0px;background-color:#003a6699;padding-top:40px;padding-right:40px;padding-bottom:40px;padding-left:40px\">\n<p class=\"has-text-align-center has-small-font-size\">Fran\u00e7ais (en premi\u00e8re)<br>Philosophie (en terminale)<\/p>\n\n\n\n<hr class=\"wp-block-separator has-text-color has-lightgrey-color has-alpha-channel-opacity has-lightgrey-background-color has-background is-style-wide\"\/>\n\n\n\n<p class=\"has-text-align-center has-small-font-size\">Histoire &#8211; G\u00e9ographie<\/p>\n\n\n\n<hr class=\"wp-block-separator has-text-color has-lightgrey-color has-alpha-channel-opacity has-lightgrey-background-color has-background is-style-wide\"\/>\n\n\n\n<p class=\"has-text-align-center has-small-font-size\">Langues vivantes A et B<\/p>\n\n\n\n<hr class=\"wp-block-separator has-text-color has-lightgrey-color has-alpha-channel-opacity has-lightgrey-background-color has-background is-style-wide\"\/>\n\n\n\n<p class=\"has-text-align-center has-small-font-size\">E.P.S.<\/p>\n\n\n\n<hr class=\"wp-block-separator has-text-color has-lightgrey-color has-alpha-channel-opacity has-lightgrey-background-color has-background is-style-wide\"\/>\n\n\n\n<p class=\"has-text-align-center has-small-font-size\">Enseignement scientifique<\/p>\n\n\n\n<div class=\"wp-block-buttons is-horizontal is-content-justification-center is-layout-flex wp-container-core-buttons-is-layout-a27650bb wp-block-buttons-is-layout-flex\" style=\"margin-top:40px\"><\/div>\n<\/div>\n<\/div>\n\n\n\n<div class=\"wp-block-column is-style-shadow has-light-background-background-color has-background is-layout-flow wp-container-core-column-is-layout-dba16a7e wp-block-column-is-layout-flow\" style=\"border-style:none;border-width:0px;padding-top:0;padding-right:0;padding-bottom:0;padding-left:0\">\n<div class=\"wp-block-group has-background-color has-primary-background-color has-text-color has-background has-global-padding is-layout-constrained wp-container-core-group-is-layout-4a803732 wp-block-group-is-layout-constrained\" style=\"border-top-left-radius:20px;border-top-right-radius:20px;padding-top:20px;padding-right:30px;padding-bottom:20px;padding-left:30px\">\n<h3 class=\"wp-block-heading has-text-align-center has-white-color has-text-color has-max-48-font-size\">Sp\u00e9cialit\u00e9s <\/h3>\n\n\n\n<h6 class=\"wp-block-heading has-text-align-center has-text-color\" style=\"color:#ffffff99\">3 parmi les suivantes :<br><sup>D\u00e9tails plus bas <\/sup><\/h6>\n<\/div>\n\n\n\n<div class=\"wp-block-group is-style-round-bottom has-background has-global-padding is-layout-constrained wp-container-core-group-is-layout-c1694ee5 wp-block-group-is-layout-constrained\" style=\"border-style:none;border-width:0px;background-color:#ed771c9e;padding-top:40px;padding-right:40px;padding-bottom:40px;padding-left:40px\">\n<p class=\"has-text-align-center has-small-font-size\">HGGSP<br><sup>Histoire G\u00e9ographie, G\u00e9opolitique et Sciences Politiques<\/sup><\/p>\n\n\n\n<hr class=\"wp-block-separator has-text-color has-lightgrey-color has-alpha-channel-opacity has-lightgrey-background-color has-background is-style-wide\"\/>\n\n\n\n<p class=\"has-text-align-center has-small-font-size\">HLP<br><sup>Humanit\u00e9, Litt\u00e9rature et Philosophie<\/sup><\/p>\n\n\n\n<hr class=\"wp-block-separator has-text-color has-lightgrey-color has-alpha-channel-opacity has-lightgrey-background-color has-background is-style-wide\"\/>\n\n\n\n<p class=\"has-text-align-center has-small-font-size\">LLCE<br><sup>Litt\u00e9rature et Langues et Cultures \u00c9trang\u00e8res <\/sup><br><sup>Une parmi :<\/sup><br><sup>Anglais<\/sup><br><sup>Anglais &#8211; Monde Contemporain<\/sup><br><sup>Espagnol<\/sup><\/p>\n\n\n\n<hr class=\"wp-block-separator has-text-color has-lightgrey-color has-alpha-channel-opacity has-lightgrey-background-color has-background is-style-wide\"\/>\n\n\n\n<p class=\"has-text-align-center has-small-font-size\">Math\u00e9matiques<\/p>\n\n\n\n<hr class=\"wp-block-separator has-text-color has-lightgrey-color has-alpha-channel-opacity has-lightgrey-background-color has-background is-style-wide\"\/>\n\n\n\n<p class=\"has-text-align-center has-small-font-size\">NSI<br><sup>Num\u00e9rique et Sciences Informatiques<\/sup><\/p>\n\n\n\n<hr class=\"wp-block-separator has-text-color has-background-color has-alpha-channel-opacity has-background-background-color has-background is-style-wide\"\/>\n\n\n\n<p class=\"has-text-align-center\">Physique &#8211; Chimie<\/p>\n\n\n\n<hr class=\"wp-block-separator has-text-color has-background-color has-alpha-channel-opacity has-background-background-color has-background is-style-wide\"\/>\n\n\n\n<p class=\"has-text-align-center\">SVT<br><sup>Sciences et Vie de la Terre<\/sup><\/p>\n\n\n\n<hr class=\"wp-block-separator has-text-color has-background-color has-alpha-channel-opacity has-background-background-color has-background is-style-wide\"\/>\n\n\n\n<p class=\"has-text-align-center\">SES<br><sup>Sciences \u00c9conomiques et Sociales<\/sup><\/p>\n\n\n\n<div class=\"wp-block-buttons is-horizontal is-content-justification-center is-layout-flex wp-container-core-buttons-is-layout-a27650bb wp-block-buttons-is-layout-flex\" style=\"margin-top:40px\"><\/div>\n<\/div>\n<\/div>\n\n\n\n<div class=\"wp-block-column is-style-shadow has-light-background-background-color has-background is-layout-flow wp-container-core-column-is-layout-dba16a7e wp-block-column-is-layout-flow\" style=\"border-style:none;border-width:0px;padding-top:0;padding-right:0;padding-bottom:0;padding-left:0\">\n<div class=\"wp-block-group has-background-color has-secondary-background-color has-text-color has-background has-global-padding is-layout-constrained wp-container-core-group-is-layout-4a803732 wp-block-group-is-layout-constrained\" style=\"border-top-left-radius:20px;border-top-right-radius:20px;padding-top:20px;padding-right:30px;padding-bottom:20px;padding-left:30px\">\n<h3 class=\"wp-block-heading has-text-align-center has-white-color has-text-color has-max-48-font-size\">Options<\/h3>\n<\/div>\n\n\n\n<div class=\"wp-block-group is-style-round-bottom has-background has-global-padding is-layout-constrained wp-container-core-group-is-layout-c1694ee5 wp-block-group-is-layout-constrained\" style=\"border-style:none;border-width:0px;background-color:#003a6699;padding-top:40px;padding-right:40px;padding-bottom:40px;padding-left:40px\">\n<p class=\"has-text-align-center has-small-font-size\">Arts Plastiques<\/p>\n\n\n\n<hr class=\"wp-block-separator has-text-color has-lightgrey-color has-alpha-channel-opacity has-lightgrey-background-color has-background is-style-wide\"\/>\n\n\n\n<p class=\"has-text-align-center has-small-font-size\">Droit et Grands Enjeux du Monde Contemporain<br><sup>(En terminale uniquement)<\/sup><\/p>\n\n\n\n<hr class=\"wp-block-separator has-text-color has-lightgrey-color has-alpha-channel-opacity has-lightgrey-background-color has-background is-style-wide\"\/>\n\n\n\n<p class=\"has-text-align-center has-small-font-size\">Math\u00e9matiques Compl\u00e9mentaires<br><sup>(En terminale uniquement)<\/sup><\/p>\n\n\n\n<hr class=\"wp-block-separator has-text-color has-background-color has-alpha-channel-opacity has-background-background-color has-background is-style-wide\"\/>\n\n\n\n<p class=\"has-text-align-center\">Math\u00e9matiques Expertes<br><sup>(En terminale uniquement)<\/sup><\/p>\n\n\n\n<div class=\"wp-block-buttons is-horizontal is-content-justification-center is-layout-flex wp-container-core-buttons-is-layout-a27650bb wp-block-buttons-is-layout-flex\" style=\"margin-top:40px\"><\/div>\n<\/div>\n<\/div>\n<\/div>\n\n\n\n<p class=\"has-text-align-right\">Source : Le site fort utile pour tous les \u00e9l\u00e8ves : l&rsquo;<a href=\"https:\/\/www.onisep.fr\/\">ONISEP<\/a><\/p>\n\n\n\n<div style=\"height:100px\" aria-hidden=\"true\" class=\"wp-block-spacer\"><\/div>\n<\/div>\n\n\n\n<main class=\"wp-block-group alignfull site-content has-primary-background-color has-background has-global-padding is-layout-constrained wp-block-group-is-layout-constrained\" id=\"links-4col\" style=\"margin-top:0;padding-top:80px;padding-bottom:80px\">\n<h3 class=\"wp-block-heading has-text-align-center has-white-color has-text-color\">Les sp\u00e9cialit\u00e9s et options au lyc\u00e9e Samuel Beckett<\/h3>\n\n\n\n<div style=\"height:60px\" aria-hidden=\"true\" class=\"wp-block-spacer\"><\/div>\n\n\n\n<div class=\"wp-block-columns are-vertically-aligned-top is-layout-flex wp-container-core-columns-is-layout-28f84493 wp-block-columns-is-layout-flex\" style=\"border-radius:0px\">\n<div class=\"wp-block-column is-vertically-aligned-top is-style-round-corners has-white-background-color has-background is-layout-flow wp-block-column-is-layout-flow\" style=\"border-style:none;border-width:0px;padding-top:80px;padding-right:var(--wp--preset--spacing--medium);padding-bottom:80px;padding-left:var(--wp--preset--spacing--medium)\">\n<h4 class=\"wp-block-heading has-text-align-center has-primary-color has-text-color has-large-font-size\">HGGSP<\/h4>\n\n\n\n<p style=\"font-size:14px\">Cet enseignement de sp\u00e9cialit\u00e9 regroupe l\u2019histoire, la g\u00e9ographie, la g\u00e9opolitique et la science politique pour vous permettre de comprendre le monde contemporain.<\/p>\n\n\n\n<p style=\"font-size:14px\">En premi\u00e8re, les \u00e9l\u00e8ves analysent un r\u00e9gime politique&nbsp;: la d\u00e9mocratie. Ils \u00e9tudient la puissance internationale des \u00c9tats, les fronti\u00e8res politiques, les enjeux de l\u2019information et les faits religieux dans leurs rapports avec le pouvoir.<\/p>\n<\/div>\n\n\n\n<div class=\"wp-block-column is-vertically-aligned-top is-style-round-corners has-white-background-color has-background is-layout-flow wp-block-column-is-layout-flow\" style=\"padding-top:80px;padding-right:var(--wp--preset--spacing--medium);padding-bottom:80px;padding-left:var(--wp--preset--spacing--medium)\">\n<h4 class=\"wp-block-heading has-text-align-center has-primary-color has-text-color has-large-font-size\">HLP<\/h4>\n\n\n\n<p style=\"font-size:14px\">Cet enseignement de sp\u00e9cialit\u00e9 propose une&nbsp;approche litt\u00e9raire et philosophique de grandes questions de culture et une r\u00e9flexion personnelle \u00e0 travers des \u0153uvres.<\/p>\n\n\n\n<p style=\"font-size:14px\">Les th\u00e8mes du programme sont abord\u00e9s&nbsp;en relation avec l\u2019histoire de la culture&nbsp;: \u00ab\u00a0Les pouvoirs de la parole\u00a0\u00bb de l\u2019Antiquit\u00e9 \u00e0 l\u2019\u00c2ge classique, \u00ab\u00a0Les repr\u00e9sentations du monde\u00a0\u00bb \u00e0 la Renaissance, \u00e0 l\u2019\u00c2ge classique et \u00e0 la p\u00e9riode des Lumi\u00e8res.<\/p>\n<\/div>\n\n\n\n<div class=\"wp-block-column is-vertically-aligned-top is-style-round-corners has-white-background-color has-background is-layout-flow wp-block-column-is-layout-flow\" style=\"padding-top:80px;padding-right:var(--wp--preset--spacing--medium);padding-bottom:80px;padding-left:var(--wp--preset--spacing--medium)\">\n<h4 class=\"wp-block-heading has-text-align-center has-primary-color has-text-color has-large-font-size\">LLCE<\/h4>\n\n\n\n<p style=\"font-size:14px\">Cet enseignement vise \u00e0 faire acqu\u00e9rir une culture approfondie de la langue \u00e9tudi\u00e9e (en anglais, anglais monde contemporain ou espagnol).<\/p>\n\n\n\n<p style=\"font-size:14px\">En s&rsquo;appuyant sur des supports vari\u00e9s et authentiques, les \u00e9l\u00e8ves sont amen\u00e9s \u00e0 d\u00e9couvrir la sp\u00e9cificit\u00e9 de la culture \u00e9tudi\u00e9e mais aussi les grandes questions qui traversent l&rsquo;actualit\u00e9 des pays concern\u00e9s ou qui ont forg\u00e9 leur histoire.<\/p>\n<\/div>\n<\/div>\n\n\n\n<div style=\"height:60px\" aria-hidden=\"true\" class=\"wp-block-spacer\"><\/div>\n\n\n\n<div class=\"wp-block-columns are-vertically-aligned-top is-layout-flex wp-container-core-columns-is-layout-28f84493 wp-block-columns-is-layout-flex\">\n<div class=\"wp-block-column is-vertically-aligned-top is-style-round-corners has-white-background-color has-background has-global-padding is-content-justification-center is-layout-constrained wp-container-core-column-is-layout-fd3e5ef1 wp-block-column-is-layout-constrained\" style=\"border-style:none;border-width:0px;padding-top:80px;padding-right:var(--wp--preset--spacing--medium);padding-bottom:80px;padding-left:var(--wp--preset--spacing--medium)\">\n<h4 class=\"wp-block-heading has-text-align-center has-primary-color has-text-color has-large-font-size\">Math\u00e9matiques<\/h4>\n\n\n\n<p style=\"font-size:14px\">Cet enseignement de sp\u00e9cialit\u00e9 approfondit les notions abord\u00e9es en 2de et introduit de nouvelles notions. Il permet de&nbsp;d\u00e9velopper le go\u00fbt des math\u00e9matiques, d\u2019en appr\u00e9cier les d\u00e9marches et les concepts, et de ma\u00eetriser l\u2019abstraction.<\/p>\n\n\n\n<p style=\"font-size:14px\">Le programme s\u2019organise en cinq grandes parties&nbsp;: \u00ab\u00a0Alg\u00e8bre\u00a0\u00bb, \u00ab\u00a0Analyse\u00a0\u00bb, \u00ab\u00a0G\u00e9om\u00e9trie\u00a0\u00bb, \u00ab\u00a0Probabilit\u00e9s et statistiques\u00a0\u00bb et \u00ab\u00a0Algorithmique et programmation\u00a0\u00bb.<\/p>\n\n\n\n<div style=\"height:72px\" aria-hidden=\"true\" class=\"wp-block-spacer\"><\/div>\n<\/div>\n\n\n\n<div class=\"wp-block-column is-vertically-aligned-top is-style-round-corners has-white-background-color has-background has-global-padding is-layout-constrained wp-container-core-column-is-layout-aa383baa wp-block-column-is-layout-constrained\" style=\"padding-top:80px;padding-right:var(--wp--preset--spacing--medium);padding-bottom:80px;padding-left:var(--wp--preset--spacing--medium)\">\n<h4 class=\"wp-block-heading has-text-align-center has-primary-color has-text-color has-large-font-size\">NSI<\/h4>\n\n\n\n<p style=\"font-size:14px\">Cet enseignement permet d\u2019acqu\u00e9rir les&nbsp;concepts et les m\u00e9thodes qui fondent l\u2019informatique, dans ses dimensions scientifiques et techniques.<\/p>\n\n\n\n<p style=\"font-size:14px\">Il d\u00e9veloppe chez les \u00e9l\u00e8ves des comp\u00e9tences multiples&nbsp;: analyser un probl\u00e8me en termes de traitement d\u2019informations\u2009; concevoir des solutions algorithmiques. Ils acqui\u00e8rent des&nbsp;connaissances et des savoir-faire qui leur permettront d\u2019apprendre \u00e0 utiliser l\u2019informatique dans la vie quotidienne et professionnelle de mani\u00e8re responsable et critique.<\/p>\n<\/div>\n\n\n\n<div class=\"wp-block-column is-vertically-aligned-top is-style-round-corners has-white-background-color has-background has-global-padding is-layout-constrained wp-container-core-column-is-layout-aa383baa wp-block-column-is-layout-constrained\" style=\"padding-top:80px;padding-right:var(--wp--preset--spacing--medium);padding-bottom:80px;padding-left:var(--wp--preset--spacing--medium)\">\n<h4 class=\"wp-block-heading has-text-align-center has-primary-color has-text-color has-large-font-size\">Physique &#8211; Chimie<\/h4>\n\n\n\n<p style=\"font-size:14px\">Cet enseignement s\u2019appuie sur la&nbsp;pratique exp\u00e9rimentale  pour permettre aux \u00e9l\u00e8ves d\u2019\u00e9tablir un lien entre le monde des objets, des exp\u00e9riences, des faits et celui des mod\u00e8les et des th\u00e9ories.<br>Le programme est structur\u00e9 autour de&nbsp;quatre th\u00e8mes qui font du lien avec les autres disciplines scientifiques : \u00ab\u00a0Constitution et transformations de la mati\u00e8re\u00a0\u00bb, \u00ab\u00a0Mouvement et interactions\u00a0\u00bb, \u00ab\u00a0L\u2019\u00e9nergie : conversions et transferts\u00a0\u00bb, \u00ab\u00a0Ondes et signaux\u00a0\u00bb.<br>Les domaines d\u2019applications donnent \u00e0 l\u2019\u00e9l\u00e8ve une image concr\u00e8te de la physique.<\/p>\n<\/div>\n<\/div>\n\n\n\n<div style=\"height:54px\" aria-hidden=\"true\" class=\"wp-block-spacer\"><\/div>\n\n\n\n<div class=\"wp-block-columns are-vertically-aligned-top is-layout-flex wp-container-core-columns-is-layout-28f84493 wp-block-columns-is-layout-flex\">\n<div class=\"wp-block-column is-vertically-aligned-top is-style-round-corners has-white-background-color has-background is-layout-flow wp-block-column-is-layout-flow\" style=\"border-style:none;border-width:0px;padding-top:80px;padding-right:var(--wp--preset--spacing--medium);padding-bottom:80px;padding-left:var(--wp--preset--spacing--medium)\">\n<h4 class=\"wp-block-heading has-text-align-center has-primary-color has-text-color has-large-font-size\">SVT<\/h4>\n\n\n\n<p style=\"font-size:14px\">Cet enseignement de sp\u00e9cialit\u00e9 permet d\u2019acqu\u00e9rir une&nbsp;culture scientifique \u00e0 partir des concepts fondamentaux de la biologie et de la g\u00e9ologie.<\/p>\n\n\n\n<p style=\"font-size:14px\">Les \u00e9l\u00e8ves approfondissent des connaissances scientifiques et des savoir-faire les conduisant \u00e0&nbsp;\u00eatre responsables dans le domaine de l\u2019environnement, de la sant\u00e9 et de la s\u00e9curit\u00e9.<\/p>\n\n\n\n<p style=\"font-size:14px\">Les programmes du cycle terminal sont organis\u00e9s en trois grandes th\u00e9matiques&nbsp;: la Terre, la vie et l\u2019\u00e9volution du vivant&nbsp;; les enjeux contemporains de la plan\u00e8te notamment ceux de l\u2019environnement, du d\u00e9veloppement durable, de la gestion des ressources et des risques&nbsp;; le corps humain et la sant\u00e9. Ces th\u00e8mes permettent aussi de d\u00e9velopper chez les \u00e9l\u00e8ves un esprit critique et une \u00e9ducation civique.<\/p>\n<\/div>\n\n\n\n<div class=\"wp-block-column is-vertically-aligned-top is-style-round-corners has-white-background-color has-background is-layout-flow wp-block-column-is-layout-flow\" style=\"padding-top:80px;padding-right:var(--wp--preset--spacing--medium);padding-bottom:80px;padding-left:var(--wp--preset--spacing--medium)\">\n<h4 class=\"wp-block-heading has-text-align-center has-primary-color has-text-color has-large-font-size\">SES<\/h4>\n\n\n\n<p style=\"font-size:14px\">Cet enseignement de sp\u00e9cialit\u00e9 prolonge l\u2019enseignement commun de seconde.<\/p>\n\n\n\n<p style=\"font-size:14px\">Il \u00e9claire&nbsp;les grands enjeux \u00e9conomiques, sociaux et politiques des soci\u00e9t\u00e9s contemporaines.<\/p>\n\n\n\n<p style=\"font-size:14px\">Il renforce et approfondit la ma\u00eetrise par les \u00e9l\u00e8ves des concepts, m\u00e9thodes et probl\u00e9matiques de la science \u00e9conomique, de la sociologie et de la science politique.<\/p>\n\n\n\n<div style=\"height:267px\" aria-hidden=\"true\" class=\"wp-block-spacer\"><\/div>\n<\/div>\n\n\n\n<div class=\"wp-block-column is-vertically-aligned-top is-style-round-corners has-primary-background-color has-background is-layout-flow wp-block-column-is-layout-flow\" style=\"padding-top:80px;padding-right:var(--wp--preset--spacing--medium);padding-bottom:80px;padding-left:var(--wp--preset--spacing--medium)\"><\/div>\n<\/div>\n\n\n\n<div style=\"height:53px\" aria-hidden=\"true\" class=\"wp-block-spacer\"><\/div>\n<\/main>\n\n\n\n<p class=\"has-text-align-right\">Source : Le site toujours aussi utile pour tous les \u00e9l\u00e8ves : l&rsquo;<a href=\"https:\/\/www.onisep.fr\/\">ONISEP<\/a><\/p>\n","protected":false},"excerpt":{"rendered":"<p>La Fili\u00e8re G\u00e9n\u00e9rale au lyc\u00e9e Samuel Beckett Les lyc\u00e9ens qui pr\u00e9parent un bac g\u00e9n\u00e9ral construisent leurs parcours en fonction de leurs go\u00fbts et de leurs ambitions. Vous choisissez des enseignements de sp\u00e9cialit\u00e9 et des options d\u00e8s la 1\u00e8re. Cette organisation favorise votre r\u00e9ussite dans l\u2019enseignement sup\u00e9rieur, qui est l\u2019objectif premier de la voie g\u00e9n\u00e9rale. Une [&hellip;]<\/p>\n","protected":false},"author":1,"featured_media":0,"parent":95,"menu_order":0,"comment_status":"closed","ping_status":"closed","template":"no-title","meta":{"_themeisle_gutenberg_block_has_review":false,"footnotes":""},"class_list":["post-107","page","type-page","status-publish","hentry"],"_links":{"self":[{"href":"https:\/\/test.sbeckett.fr\/index.php?rest_route=\/wp\/v2\/pages\/107","targetHints":{"allow":["GET"]}}],"collection":[{"href":"https:\/\/test.sbeckett.fr\/index.php?rest_route=\/wp\/v2\/pages"}],"about":[{"href":"https:\/\/test.sbeckett.fr\/index.php?rest_route=\/wp\/v2\/types\/page"}],"author":[{"embeddable":true,"href":"https:\/\/test.sbeckett.fr\/index.php?rest_route=\/wp\/v2\/users\/1"}],"replies":[{"embeddable":true,"href":"https:\/\/test.sbeckett.fr\/index.php?rest_route=%2Fwp%2Fv2%2Fcomments&post=107"}],"version-history":[{"count":11,"href":"https:\/\/test.sbeckett.fr\/index.php?rest_route=\/wp\/v2\/pages\/107\/revisions"}],"predecessor-version":[{"id":655,"href":"https:\/\/test.sbeckett.fr\/index.php?rest_route=\/wp\/v2\/pages\/107\/revisions\/655"}],"up":[{"embeddable":true,"href":"https:\/\/test.sbeckett.fr\/index.php?rest_route=\/wp\/v2\/pages\/95"}],"wp:attachment":[{"href":"https:\/\/test.sbeckett.fr\/index.php?rest_route=%2Fwp%2Fv2%2Fmedia&parent=107"}],"curies":[{"name":"wp","href":"https:\/\/api.w.org\/{rel}","templated":true}]}}